{"id":80,"date":"2023-04-03T20:29:59","date_gmt":"2023-04-03T18:29:59","guid":{"rendered":"https:\/\/iicbucarest.esteri.it\/chi-siamo\/"},"modified":"2023-06-20T17:19:48","modified_gmt":"2023-06-20T15:19:48","slug":"chi-siamo","status":"publish","type":"page","link":"https:\/\/iicbucarest.esteri.it\/ro\/chi-siamo\/","title":{"rendered":"Cine suntem"},"content":{"rendered":"<div>\n<p>Institutul Italian de Cultur\u0103\u00a0din Bucure\u015fti, institu\u0163ie oficial\u0103 a Statului italian, are ca obiectiv promovarea limbii \u015fi culturii italiene \u00een Rom\u00e2nia prin organizarea unor evenimente culturale menite s\u0103 stimuleze circula\u0163ia ideilor, a artei \u015fi a \u015ftiin\u0163ei.<\/p>\n<p><span class=\"titoloNotizia\"><strong>Servicii oferite<\/strong><br \/>\n<\/span><br \/>\nInstitutul Italian de Cultur\u0103\u00a0din Bucure\u015fti ofer\u0103 publicului urm\u0103toarele servicii:<\/p>\n<ul>\n<li>cursuri de limb\u0103 \u015fi cultur\u0103 italian\u0103 \u0163inute de\u00a0profesori riguros selec\u0163iona\u0163i, rom\u00e2ni \u015fi italieni;<\/li>\n<li>dou\u0103 sesiuni anuale pentru ob\u0163inerea certificatelor de cunoa\u015ftere a limbii italiene ca limb\u0103 str\u0103in\u0103;<\/li>\n<li>o bibliotec\u0103 cu c\u0103r\u0163i \u00een limba italian\u0103, sal\u0103 de lectur\u0103 \u015fi sec\u0163ie de \u00eemprumut;<\/li>\n<li>serviciu de informare \u015fi documentare despre Italia \u00een domeniul cultural.<\/li>\n<\/ul>\n<p><strong><br \/>\nColabor\u0103ri<\/strong><\/p>\n<p>Institutul Italian de Cultur\u0103 din Bucure\u0219ti colaboreaz\u0103 cu institu\u021bii artistice \u0219i muzeale locale printre care: <a href=\"https:\/\/www.mnar.arts.ro\/\">Muzeul Na\u021bional de Art\u0103 al Rom\u00e2niei &#8211; MNAR<\/a>, <a href=\"https:\/\/www.mnac.ro\/home\">Muzeul Na\u021bional de Art\u0103 Contemporan\u0103 &#8211; MNAC<\/a>, <a href=\"https:\/\/www.fge.org.ro\/\">Ateneul Rom\u00e2n<\/a>, <a href=\"https:\/\/operanb.ro\/?lang=en\">Opera Na\u021bional\u0103 Bucure\u0219ti<\/a>, <a href=\"https:\/\/muzeultaranuluiroman.ro\/en\/home\/\">Muzeul Na\u021bional al \u021a\u0103ranului Rom\u00e2n<\/a>, <a href=\"https:\/\/muzeul-satului.ro\/\">Muzeul Satului<\/a>, <a href=\"https:\/\/www.tnb.ro\/ro\">Teatrul Na\u021bional &#8222;I.L.Caragiale&#8221;<\/a>, <a href=\"https:\/\/www.teatrul-odeon.ro\/\">Teatrul Odeon<\/a>, <a href=\"https:\/\/www.nottara.ro\/\">Teatrul Nottara<\/a>, <a href=\"https:\/\/www.bulandra.ro\/\">Teatrul &#8222;Lucia Sturdza Bulandra&#8221;<\/a>, <a href=\"https:\/\/unatc.ro\/devunatc\/\">UNATC<\/a>, <a href=\"https:\/\/lls.unibuc.ro\/\">Facultatea de Limbi \u0219i Literaturi Str\u0103ine &#8211; Universitatea Bucure\u0219ti<\/a>, <a href=\"https:\/\/uap.ro\/en\/\">Uniunea Arti\u0219tilor Plastici<\/a>, <a href=\"https:\/\/uniuneascriitorilor.ro\/\">Uniunea Scriitorilor<\/a>, <a href=\"https:\/\/www.icr.ro\/\">Institutul Cultural Rom\u00e2n<\/a>, <a href=\"https:\/\/www.facebook.com\/EunicRomania\">EUNIC Rom\u00e2nia<\/a>, alte institute culturale str\u0103ine care \u00ee\u0219i desf\u0103\u0219oar\u0103 activitatea \u00een Rom\u00e2nia.<\/p>\n<p><a href=\"https:\/\/iicbucarest.esteri.it\/wp-content\/uploads\/2023\/05\/acord_cultural-ro-1.pdf\">Acordul Cultural \u00eentre Italia \u0219i Rom\u00e2nia<\/a><\/p>\n<\/div>\n","protected":false},"excerpt":{"rendered":"Institutul Italian de Cultur\u0103\u00a0din Bucure\u015fti, institu\u0163ie oficial\u0103 a Statului italian, are ca obiectiv promovarea limbii \u015fi culturii italiene \u00een Rom\u00e2nia prin organizarea unor evenimente culturale menite s\u0103 stimuleze circula\u0163ia ideilor, a artei \u015fi a \u015ftiin\u0163ei. Servicii oferite Institutul Italian de Cultur\u0103\u00a0din Bucure\u015fti ofer\u0103 publicului urm\u0103toarele servicii: cursuri de limb\u0103 \u015fi cultur\u0103 italian\u0103 \u0163inute de\u00a0profesori riguros [&hellip;]","protected":false},"author":1,"featured_media":0,"parent":0,"menu_order":2,"comment_status":"closed","ping_status":"closed","template":"","meta":{"footnotes":""},"class_list":["post-80","page","type-page","status-publish","hentry"],"_links":{"self":[{"href":"https:\/\/iicbucarest.esteri.it\/ro\/wp-json\/wp\/v2\/pages\/80","targetHints":{"allow":["GET"]}}],"collection":[{"href":"https:\/\/iicbucarest.esteri.it\/ro\/wp-json\/wp\/v2\/pages"}],"about":[{"href":"https:\/\/iicbucarest.esteri.it\/ro\/wp-json\/wp\/v2\/types\/page"}],"author":[{"embeddable":true,"href":"https:\/\/iicbucarest.esteri.it\/ro\/wp-json\/wp\/v2\/users\/1"}],"replies":[{"embeddable":true,"href":"https:\/\/iicbucarest.esteri.it\/ro\/wp-json\/wp\/v2\/comments?post=80"}],"version-history":[{"count":0,"href":"https:\/\/iicbucarest.esteri.it\/ro\/wp-json\/wp\/v2\/pages\/80\/revisions"}],"wp:attachment":[{"href":"https:\/\/iicbucarest.esteri.it\/ro\/wp-json\/wp\/v2\/media?parent=80"}],"curies":[{"name":"wp","href":"https:\/\/api.w.org\/{rel}","templated":true}]}}