{"id":686,"date":"2023-08-03T15:51:57","date_gmt":"2023-08-03T13:51:57","guid":{"rendered":"https:\/\/iicbucarest.esteri.it\/?page_id=686"},"modified":"2023-08-09T11:07:38","modified_gmt":"2023-08-09T09:07:38","slug":"dotari-tehnice","status":"publish","type":"page","link":"https:\/\/iicbucarest.esteri.it\/ro\/chi-siamo\/la-sede\/dotari-tehnice\/","title":{"rendered":"Dot\u0103ri tehnice"},"content":{"rendered":"<p>Sala de conferin\u0163e a\u00a0Institutului Italian de Cultur\u0103 din Bucure\u015fti are o suprafa\u0163\u0103 de circa 92 metri p\u0103tra\u0163i \u015fi 100 locuri pentru public.<br \/>\nSala dispune de urm\u0103toarele echipamente: sistem de sonorizare, mixer, amplificator, microfoane, videoproiector, ecran, laptopuri, DVD \u0219i Blu-Ray player, internet.<\/p>\n","protected":false},"excerpt":{"rendered":"Sala de conferin\u0163e a\u00a0Institutului Italian de Cultur\u0103 din Bucure\u015fti are o suprafa\u0163\u0103 de circa 92 metri p\u0103tra\u0163i \u015fi 100 locuri pentru public. Sala dispune de urm\u0103toarele echipamente: sistem de sonorizare, mixer, amplificator, microfoane, videoproiector, ecran, laptopuri, DVD \u0219i Blu-Ray player, internet.","protected":false},"author":4,"featured_media":0,"parent":109,"menu_order":0,"comment_status":"closed","ping_status":"closed","template":"","meta":{"footnotes":""},"class_list":["post-686","page","type-page","status-publish","hentry"],"_links":{"self":[{"href":"https:\/\/iicbucarest.esteri.it\/ro\/wp-json\/wp\/v2\/pages\/686","targetHints":{"allow":["GET"]}}],"collection":[{"href":"https:\/\/iicbucarest.esteri.it\/ro\/wp-json\/wp\/v2\/pages"}],"about":[{"href":"https:\/\/iicbucarest.esteri.it\/ro\/wp-json\/wp\/v2\/types\/page"}],"author":[{"embeddable":true,"href":"https:\/\/iicbucarest.esteri.it\/ro\/wp-json\/wp\/v2\/users\/4"}],"replies":[{"embeddable":true,"href":"https:\/\/iicbucarest.esteri.it\/ro\/wp-json\/wp\/v2\/comments?post=686"}],"version-history":[{"count":0,"href":"https:\/\/iicbucarest.esteri.it\/ro\/wp-json\/wp\/v2\/pages\/686\/revisions"}],"up":[{"embeddable":true,"href":"https:\/\/iicbucarest.esteri.it\/ro\/wp-json\/wp\/v2\/pages\/109"}],"wp:attachment":[{"href":"https:\/\/iicbucarest.esteri.it\/ro\/wp-json\/wp\/v2\/media?parent=686"}],"curies":[{"name":"wp","href":"https:\/\/api.w.org\/{rel}","templated":true}]}}