{"id":6824,"date":"2025-02-11T11:03:49","date_gmt":"2025-02-11T10:03:49","guid":{"rendered":"https:\/\/iicbucarest.esteri.it\/?page_id=6824"},"modified":"2025-03-24T11:34:26","modified_gmt":"2025-03-24T10:34:26","slug":"regulamentul-cursurilor","status":"publish","type":"page","link":"https:\/\/iicbucarest.esteri.it\/ro\/lingua-e-cultura\/i-corsi-di-lingua\/regulamentul-cursurilor\/","title":{"rendered":"Regulamentul cursurilor"},"content":{"rendered":"<p style=\"text-align: justify;\"><strong>Cursurile colective\u00a0<\/strong><\/p>\n<ol style=\"text-align: justify;\">\n<li><strong>Institutul \u00ee\u0219i rezerv\u0103 dreptul<\/strong>:<\/li>\n<\/ol>\n<ul style=\"text-align: justify;\">\n<li>s\u0103 modifice orarul cursurilor;<\/li>\n<li>s\u0103 am\u00e2ne sau s\u0103 anuleze, p\u00e2n\u0103 \u00een seara de dinaintea \u00eenceperii lor, cursurile colective care nu \u00eentrunesc num\u0103rul minim de 10 \u00eenscri\u0219i;<\/li>\n<li>s\u0103 \u00eenlocuiasc\u0103 un profesor \u00een timpul anului \u0219colar;<\/li>\n<\/ul>\n<ol style=\"text-align: justify;\" start=\"2\">\n<li><strong>Nu <\/strong>este prev\u0103zut\u0103 recuperarea lec\u021biilor pierdute, dac\u0103 absen\u021ba se produce din motive personale ale cursantului.<\/li>\n<li>Institutul ramburseaz\u0103 sumele depuse pentru \u00eenscriere <strong>doar<\/strong>\u00a0\u00een cazul \u00een care cursul nu este activat.<br \/>\n\u00cen toate celelalte cazuri sumele depuse pentru \u00eenscriere nu se ramburseaz\u0103.<\/li>\n<li>Costul manualului <strong>nu<\/strong> poate fi rambursat.<\/li>\n<li>\u00cen cazul \u00een care cursantul nu mai poate frecventa cursul \u0219i anun\u021b\u0103 secretariatul \u00een primele 15 zile de la \u00eenceperea acestuia, \u00eenscrierea sa va putea fi am\u00e2nat\u0103 pentru urm\u0103toarea sesiune.<\/li>\n<\/ol>\n<p style=\"text-align: justify;\"><strong>Lec\u021biile private \u0219i semi-private<\/strong><\/p>\n<ol style=\"text-align: justify;\">\n<li style=\"text-align: justify;\">Pachetele au o valabilitate de 3 luni (pachetul de 10 ore) \u0219i de 5 luni (pachetul de 20 de ore) de la data achizi\u021bion\u0103rii pachetului.<\/li>\n<li style=\"text-align: justify;\"><strong>Anularea <\/strong>sau <strong>am\u00e2narea gratuit\u0103<\/strong> a unei lec\u021bii, private sau semi-private, se poate efectua cu un <strong>preaviz minim de 8 ore<\/strong>. \u00cen caz contrar, lec\u021bia trebuie pl\u0103tit\u0103 \u00een \u00eentregime sau sc\u0103zut\u0103 din pachetul de ore.<\/li>\n<li style=\"text-align: justify;\">Institutul ramburseaz\u0103 sumele depuse pentru \u00eenscriere <strong>doar<\/strong>\u00a0\u00een cazul \u00een care cursul nu este activat.<br \/>\n\u00cen toate celelalte cazuri sumele depuse pentru \u00eenscriere nu se ramburseaz\u0103.<\/li>\n<\/ol>\n","protected":false},"excerpt":{"rendered":"Cursurile colective\u00a0 Institutul \u00ee\u0219i rezerv\u0103 dreptul: s\u0103 modifice orarul cursurilor; s\u0103 am\u00e2ne sau s\u0103 anuleze, p\u00e2n\u0103 \u00een seara de dinaintea \u00eenceperii lor, cursurile colective care nu \u00eentrunesc num\u0103rul minim de 10 \u00eenscri\u0219i; s\u0103 \u00eenlocuiasc\u0103 un profesor \u00een timpul anului \u0219colar; Nu este prev\u0103zut\u0103 recuperarea lec\u021biilor pierdute, dac\u0103 absen\u021ba se produce din motive personale ale cursantului. [&hellip;]","protected":false},"author":4,"featured_media":0,"parent":111,"menu_order":4,"comment_status":"closed","ping_status":"closed","template":"","meta":{"footnotes":""},"class_list":["post-6824","page","type-page","status-publish","hentry"],"_links":{"self":[{"href":"https:\/\/iicbucarest.esteri.it\/ro\/wp-json\/wp\/v2\/pages\/6824","targetHints":{"allow":["GET"]}}],"collection":[{"href":"https:\/\/iicbucarest.esteri.it\/ro\/wp-json\/wp\/v2\/pages"}],"about":[{"href":"https:\/\/iicbucarest.esteri.it\/ro\/wp-json\/wp\/v2\/types\/page"}],"author":[{"embeddable":true,"href":"https:\/\/iicbucarest.esteri.it\/ro\/wp-json\/wp\/v2\/users\/4"}],"replies":[{"embeddable":true,"href":"https:\/\/iicbucarest.esteri.it\/ro\/wp-json\/wp\/v2\/comments?post=6824"}],"version-history":[{"count":3,"href":"https:\/\/iicbucarest.esteri.it\/ro\/wp-json\/wp\/v2\/pages\/6824\/revisions"}],"predecessor-version":[{"id":7337,"href":"https:\/\/iicbucarest.esteri.it\/ro\/wp-json\/wp\/v2\/pages\/6824\/revisions\/7337"}],"up":[{"embeddable":true,"href":"https:\/\/iicbucarest.esteri.it\/ro\/wp-json\/wp\/v2\/pages\/111"}],"wp:attachment":[{"href":"https:\/\/iicbucarest.esteri.it\/ro\/wp-json\/wp\/v2\/media?parent=6824"}],"curies":[{"name":"wp","href":"https:\/\/api.w.org\/{rel}","templated":true}]}}