{"id":509,"date":"2023-06-22T14:16:16","date_gmt":"2023-06-22T12:16:16","guid":{"rendered":"https:\/\/iicbucarest.esteri.it\/?page_id=509"},"modified":"2025-06-25T13:05:57","modified_gmt":"2025-06-25T11:05:57","slug":"anunturi-2","status":"publish","type":"page","link":"https:\/\/iicbucarest.esteri.it\/ro\/chi-siamo\/la-sede\/anunturi-2\/","title":{"rendered":"Anun\u021buri"},"content":{"rendered":"<p>\u00cen aceast\u0103 sec\u021biune pute\u021bi g\u0103si comunic\u0103ri oficiale ale Institutului nostru \u0219i ale Ministerului Afacerilor Externe \u0219i al Cooper\u0103rii Interna\u021bionale.<\/p>\n<p><span style=\"color: #000000;\"><strong>Anun\u021buri active:<\/strong><\/span><\/p>\n<p>&nbsp;<\/p>\n<p><strong>Anun\u021buri expirate:<\/strong><\/p>\n<p><strong>ANUN\u021a DE ANGAJARE<br \/>\n<\/strong>A fost demarat\u0103 procedura de selec\u021bie a unui angajat\/-\u0103 pentru postul de<strong> asistent administrativ \u00een domeniul secretariat-arhiv\u0103<\/strong>.<br \/>\nCandidaturile, care trebuie redactate dup\u0103 <a href=\"https:\/\/iicbucarest.esteri.it\/wp-content\/uploads\/2024\/04\/2.-Fac-simile-di-Domanda-mod.-02.doc\">modelul<\/a> disponibil la Institutul Italian de Cultur\u0103 din Bucure\u0219ti, trebuie trimise <strong>p\u00e2n\u0103 la data de 11\/06\/2025 ora 23:59<\/strong>.<br \/>\n<a href=\"https:\/\/iicbucarest.esteri.it\/wp-content\/uploads\/2025\/05\/Avviso-di-assunzione-12.05.2025-1.pdf\"><u>Anun\u021b de angajare<\/u><\/a><br \/>\n<a href=\"https:\/\/iicbucarest.esteri.it\/wp-content\/uploads\/2025\/06\/dichiarazione-Laura-Napolitano.pdf\">Declara\u021bie privind inexisten\u021ba unor situa\u021bii de incompatibilitate &#8211; Pre\u0219edinta Comisiei<\/a><br \/>\n<a href=\"https:\/\/iicbucarest.esteri.it\/wp-content\/uploads\/2025\/06\/dichiarazione-Domenico-Valenza.pdf\">Declara\u021bie privind inexisten\u021ba unor situa\u021bii de incompatibilitate &#8211; Membru<\/a><br \/>\n<a href=\"https:\/\/iicbucarest.esteri.it\/wp-content\/uploads\/2025\/06\/dichiarazione-Roberto-Gozzi.pdf\">Declara\u021bie privind inexisten\u021ba unor situa\u021bii de incompatibilitate &#8211; Membru<\/a><br \/>\n<a href=\"https:\/\/iicbucarest.esteri.it\/wp-content\/uploads\/2025\/06\/graduatoria-concorso-giugno-2025.pdf\">Rezultate finale<\/a><\/p>\n<p><strong>ANUN\u021a DE ANGAJARE<br \/>\n<\/strong>A fost demarat\u0103 procedura de selec\u021bie a unui angajat\/-\u0103 pentru postul de colaborator administrativ \u00een domeniul contabilitate-manifest\u0103ri culturale-traduceri.<br \/>\nCandidaturile, care trebuie redactate dup\u0103\u00a0<a href=\"https:\/\/iicbucarest.esteri.it\/wp-content\/uploads\/2024\/04\/2.-Fac-simile-di-Domanda-mod.-02.doc\">modelul<\/a>\u00a0disponibil la Institutul Italian de Cultur\u0103 din Bucure\u0219ti, trebuie trimise\u00a0<strong>p\u00e2n\u0103 la data de 29\/09\/2024 ora 23:59<\/strong>.<br \/>\n<a href=\"https:\/\/iicbucarest.esteri.it\/wp-content\/uploads\/2024\/08\/Bando-concorso-assunzione-2024-2.pdf\">Anun\u021b de angajare<\/a><br \/>\n<a href=\"https:\/\/iicbucarest.esteri.it\/wp-content\/uploads\/2024\/08\/Dichiarazioni-di-non-sussistenza-di-situazioni-di-incompatibilita-mod.6-%E2%80%93-Presidente-Commissione.pdf\">Declara\u021bie privind inexisten\u021ba unor situa\u021bii de incompatibilitate (mod.6) \u2013 Pre\u0219edinta Comisiei<\/a><br \/>\n<a href=\"https:\/\/iicbucarest.esteri.it\/wp-content\/uploads\/2024\/08\/Dichiarazioni-di-non-sussistenza-di-situazioni-di-incompatibilita-mod.6-%E2%80%93-Presidente-Commissione.pdf\">Declara\u021bie privind inexisten\u021ba unor situa\u021bii de incompatibilitate<\/a><a href=\"https:\/\/iicbucarest.esteri.it\/wp-content\/uploads\/2024\/08\/Dichiarazioni-di-non-sussistenza-di-situazioni-di-incompatibilita-mod.6-%E2%80%93-Membro-1.pdf\">\u00a0(mod.6) \u2013 Membru<\/a><br \/>\n<a href=\"https:\/\/iicbucarest.esteri.it\/wp-content\/uploads\/2024\/08\/graduatoria-finale-idonei.pdf\">Rezultate finale<\/a><\/p>\n<p><strong>ANUN\u021a DE ANGAJARE <strong style=\"text-align: justify;\">CU CONTRACT PE PERIOAD\u0102 NEDETERMINAT\u0102<br \/>\n<\/strong><\/strong>IIC anun\u021b\u0103 demararea unei\u00a0<a href=\"https:\/\/iicbucarest.esteri.it\/wp-content\/uploads\/2024\/04\/Avviso-di-assunzione.pdf\">proceduri de selec\u021bie pentru angajarea unei persoane pentru postul de \u0219ofer-centralist-curier<\/a>.<br \/>\nCererile de \u00eenscriere la concurs, care trebuie redactate dup\u0103\u00a0<a href=\"https:\/\/iicbucarest.esteri.it\/wp-content\/uploads\/2024\/04\/2.-Fac-simile-di-Domanda-mod.-02.doc\">modelul<\/a>\u00a0disponibil la Institutul Italian de Cultur\u0103 din Bucure\u0219ti, trebuie trimise p\u00e2n\u0103 la data limit\u0103 de\u00a0<strong>24\/05\/2024, ora ore 23:59.<br \/>\n<\/strong><span style=\"color: #000000;\"><a href=\"https:\/\/iicbucarest.esteri.it\/wp-content\/uploads\/2024\/06\/Graduatoria-idoneifirmato_Firmato.pdf\">Rezultatele concursului pentru angajarea unui colaborator pentru postul de \u0219ofer-centralist-curier.<\/a><\/span><strong><br \/>\n<\/strong><\/p>\n<p><span style=\"color: #000000;\"><strong><strong style=\"text-align: justify;\">ANUN\u021a DE ANGAJARE CU CONTRACT <\/strong>TEMPORAR<br \/>\n<\/strong><\/span><span style=\"color: #000000;\">A fost demarat\u0103 procedura de selec\u021bie a unui angajat\/-\u0103 pentru func\u021bia de asistent administrativ la Institutul Italian de Cultur\u0103 din Bucure\u0219ti, cu <span style=\"text-decoration: underline;\">contract pe perioad\u0103 determinat\u0103 cu durata de 6 luni<\/span> (care poate fi eventual prelungit \u00eenc\u0103 a dat\u0103).<\/span><br \/>\n<span style=\"color: #000000;\">Cererile de \u00eenscriere, care s\u0103 cuprind\u0103 un Curriculum Vitae, \u00eenso\u021bit de o scrisoare de motiva\u021bie, trebuie trimise <strong>p\u00e2n\u0103 la data de 22 martie 2024, ora 17.00<\/strong>, la adresa de email <a style=\"color: #000000;\" href=\"mailto:iicbucarest@esteri.it\">iicbucarest@esteri.it<\/a>.<\/span><br \/>\n<span style=\"color: #000000;\"><a style=\"color: #000000;\" href=\"https:\/\/iicbucarest.esteri.it\/wp-content\/uploads\/2024\/03\/avviso-assunzione-contratto-temporaneo-11.03.2024.pdf\"><strong>Anun\u021b de angajare<\/strong><\/a><\/span><\/p>\n<p><strong style=\"text-align: justify;\">ANUN\u021a DE ANGAJARE CU CONTRACT PE PERIOAD\u0102 NEDETERMINAT\u0102<br \/>\n<\/strong><span style=\"text-align: justify;\">A fost demarat\u0103 procedura de selec\u021bie a 2 angaja\u021bi cu contract pe perioad\u0103 nedeterminat\u0103 pentru func\u021bia de colaborator administrativ \u00een domeniul contabilitate &#8211; manifest\u0103ri culturale &#8211; traducere. Cererile de \u00eenscriere la concurs trebuie redactate dup\u0103 modelul disponibil la Institutul Italian de Cultur\u0103. Data limit\u0103 pentru prezentarea acestora este <\/span><strong style=\"text-align: justify;\">12 octombrie 2022, ora 23:59<br \/>\n<\/strong><span style=\"text-align: justify;\">(<\/span><a style=\"text-align: justify;\" href=\"https:\/\/iicbucarest.esteri.it\/wp-content\/uploads\/2023\/06\/atto-di-delega-del-presidente-della-commissione.pdf\">document de delegare a pre\u0219edintelui comisiei de examinare<\/a><span style=\"text-align: justify;\">, <\/span><a style=\"text-align: justify;\" href=\"https:\/\/iicbucarest.esteri.it\/wp-content\/uploads\/2023\/06\/atto-di-nomina-dei-membri-della-commissione.pdf\">document de numire a membrilor comisiei de examinare<\/a><span style=\"text-align: justify;\">, <\/span><a style=\"text-align: justify;\" href=\"https:\/\/iicbucarest.esteri.it\/wp-content\/uploads\/2023\/06\/atto_di_nomina_di_un_nuovo_membro_della_commissione_in_sostituzione_de_membro_vincenzo_tamarindo.pdf\">document de numire a unui nou membru al comisiei \u00een locul domnului Vincenzo Tamarindo<\/a><span style=\"text-align: justify;\">).<br \/>\n<\/span><a href=\"https:\/\/iicbucarest.esteri.it\/wp-content\/uploads\/2023\/06\/bando-concorso-2022.pdf\">Anun\u021b de angajare<\/a><br \/>\n<a style=\"text-align: justify;\" href=\"https:\/\/iicbucarest.esteri.it\/wp-content\/uploads\/2023\/06\/Fac-simile-di-Domanda.pdf\">Model cerere de \u00eenscriere<\/a><br \/>\n<a style=\"text-align: justify;\" href=\"https:\/\/iicbucarest.esteri.it\/wp-content\/uploads\/2023\/06\/nuova_graduatoria_idonei.pdf\">Rezultate finale<\/a><\/p>\n<div style=\"text-align: justify;\">\n<p><strong>ANUN\u021a DE ANGAJARE <strong style=\"text-align: justify;\">CU CONTRACT PE PERIOAD\u0102 NEDETERMINAT\u0102<\/strong><\/strong><br \/>\nInstitutul Italian de Cultur\u0103 a ini\u021biat procedurile de selec\u021bie a unui angajat pentru func\u021bia de asistent administrativ \u00een domeniul secretariat-arhiv\u0103. Cererile de \u00eenscriere trebuie prezentate p\u00e2n\u0103 la data de <strong>20 februarie 2019, ora 12.00<\/strong>.<br \/>\n<a href=\"https:\/\/iicbucarest.esteri.it\/wp-content\/uploads\/2023\/06\/ConcorsoIIC.pdf\">Anun\u021b de angajare.<\/a><\/p>\n<p><strong>ANUN\u021a DE ANGAJARE <strong style=\"text-align: justify;\">CU CONTRACT PE PERIOAD\u0102 NEDETERMINAT\u0102<\/strong><\/strong><br \/>\nInstitutul Italian de Cultur\u0103 a ini\u021biat procedurile de selec\u021bie a unui angajat pentru func\u021bia de colaborator administrativ \u00een domeniul contabilitate &#8211; manifesta\u0103ri culturale &#8211; traduceri. Cererile de \u00eenscriere trebuie prezentate p\u00e2n\u0103 la data de <strong>15 febbraio 2018, ora 12.00.<\/strong><br \/>\n<a href=\"https:\/\/iicbucarest.esteri.it\/wp-content\/uploads\/2023\/06\/ConcorsoIIC.pdf\">Anun\u021b de angajare.<\/a><\/p>\n<p><strong><em>Ultima actualizare: 25 iunie 2025<\/em><\/strong><\/p>\n<\/div>\n","protected":false},"excerpt":{"rendered":"\u00cen aceast\u0103 sec\u021biune pute\u021bi g\u0103si comunic\u0103ri oficiale ale Institutului nostru \u0219i ale Ministerului Afacerilor Externe \u0219i al Cooper\u0103rii Interna\u021bionale. Anun\u021buri active: &nbsp; Anun\u021buri expirate: ANUN\u021a DE ANGAJARE A fost demarat\u0103 procedura de selec\u021bie a unui angajat\/-\u0103 pentru postul de asistent administrativ \u00een domeniul secretariat-arhiv\u0103. Candidaturile, care trebuie redactate dup\u0103 modelul disponibil la Institutul Italian de [&hellip;]","protected":false},"author":4,"featured_media":0,"parent":109,"menu_order":1,"comment_status":"closed","ping_status":"closed","template":"","meta":{"footnotes":""},"class_list":["post-509","page","type-page","status-publish","hentry"],"_links":{"self":[{"href":"https:\/\/iicbucarest.esteri.it\/ro\/wp-json\/wp\/v2\/pages\/509","targetHints":{"allow":["GET"]}}],"collection":[{"href":"https:\/\/iicbucarest.esteri.it\/ro\/wp-json\/wp\/v2\/pages"}],"about":[{"href":"https:\/\/iicbucarest.esteri.it\/ro\/wp-json\/wp\/v2\/types\/page"}],"author":[{"embeddable":true,"href":"https:\/\/iicbucarest.esteri.it\/ro\/wp-json\/wp\/v2\/users\/4"}],"replies":[{"embeddable":true,"href":"https:\/\/iicbucarest.esteri.it\/ro\/wp-json\/wp\/v2\/comments?post=509"}],"version-history":[{"count":7,"href":"https:\/\/iicbucarest.esteri.it\/ro\/wp-json\/wp\/v2\/pages\/509\/revisions"}],"predecessor-version":[{"id":8283,"href":"https:\/\/iicbucarest.esteri.it\/ro\/wp-json\/wp\/v2\/pages\/509\/revisions\/8283"}],"up":[{"embeddable":true,"href":"https:\/\/iicbucarest.esteri.it\/ro\/wp-json\/wp\/v2\/pages\/109"}],"wp:attachment":[{"href":"https:\/\/iicbucarest.esteri.it\/ro\/wp-json\/wp\/v2\/media?parent=509"}],"curies":[{"name":"wp","href":"https:\/\/api.w.org\/{rel}","templated":true}]}}