{"id":462,"date":"2023-06-22T12:17:54","date_gmt":"2023-06-22T10:17:54","guid":{"rendered":"https:\/\/iicbucarest.esteri.it\/?page_id=462"},"modified":"2023-08-29T11:38:38","modified_gmt":"2023-08-29T09:38:38","slug":"oferte-si-burse","status":"publish","type":"page","link":"https:\/\/iicbucarest.esteri.it\/ro\/lingua-e-cultura\/studiare-in-italia\/oferte-si-burse\/","title":{"rendered":"Oferte \u0219i burse"},"content":{"rendered":"<div dir=\"auto\" style=\"text-align: justify;\"><strong>29.08.2023<\/strong><\/div>\n<div dir=\"auto\" style=\"text-align: justify;\">\n<p><strong>Universitatea Telematic\u0103 Interna\u021bional\u0103 Uninettuno<\/strong> ofer\u0103 cursuri de licen\u021b\u0103, master \u0219i proiecte de cercetare europene \u00een limba italian\u0103, englez\u0103 \u0219i arab\u0103. Studen\u021bii din Rom\u00e2nia se pot bucura de 25% reducere la taxa anual\u0103 datorit\u0103 colabor\u0103rii dintre Institutele Italiene de Cultur\u0103 \u0219i Universitatea Telematic\u0103 Interna\u021bional\u0103 Uninettuno. Universitatea ofer\u0103, nu doar lec\u021bii video academice, ci \u0219i lec\u021bii sus\u021binute de cele mai importante personalit\u0103\u021bi din lumea culturii: scriitori, actori, regizori, pictori, muzicieni contemporani. Lista poate fi consultat\u0103 <a href=\"https:\/\/iicbucarest.esteri.it\/wp-content\/uploads\/2023\/08\/lista-lezioni-dautore.pdf\">aici<\/a>.<\/p>\n<\/div>\n<div dir=\"auto\" style=\"text-align: justify;\">\n<p><a href=\"https:\/\/iicbucarest.esteri.it\/wp-content\/uploads\/2023\/08\/locandina-UNINETTUNO-2023.pdf\">Bro\u0219ura Uninettuno 2023<\/a> \u00a0\u00a0 \u00a0 \u00a0\u00a0<a href=\"http:\/\/www.uninettunouniversity.net\/it\/default.aspx\">Site oficial<\/a><\/p>\n<p>&nbsp;<\/p>\n<p><strong>31.07.2023<\/strong><\/p>\n<\/div>\n<div dir=\"auto\" style=\"text-align: justify;\">Departamentul de Arhitectur\u0103 \u0219i Studii Urbane din Universitatea Politehnic\u0103 din Milano ofer\u0103 o burs\u0103 de Masterat <strong>M-US-T Master in Temporary Uses<\/strong>, pentru studen\u021bi interna\u021bionali.<\/div>\n<div dir=\"auto\" style=\"text-align: justify;\">\u00censcrierile sunt deschise, termenul limit\u0103 este 8 ianuarie 2024.<\/div>\n<div dir=\"auto\" style=\"text-align: justify;\">\n<p>Mai multe detalii <a href=\"https:\/\/www.poliedra.polimi.it\/master_usi_temporanei\/\">aici<\/a>.<\/p>\n<div dir=\"auto\" style=\"text-align: justify;\"><\/div>\n<div class=\"x11i5rnm xat24cr x1mh8g0r x1vvkbs xtlvy1s x126k92a\" style=\"text-align: justify;\">\n<div dir=\"auto\"><strong>\u00a0<\/strong><\/div>\n<\/div>\n<p><strong>21.07.2023<\/strong><\/p>\n<\/div>\n<div dir=\"auto\" style=\"text-align: justify;\"><strong>Milano Fashion Institute<\/strong> ofer\u0103 dou\u0103 burse de studiu \u00een valoare de 8.400 \u20ac pentru studen\u021bii de na\u021bionalitate rom\u00e2n\u0103, care doresc s\u0103 se \u00eenscrie la Master.<\/div>\n<div dir=\"auto\" style=\"text-align: justify;\">\n<p>Termenii, anun\u021bul \u0219i informa\u021biile sunt disponibile <a href=\"https:\/\/www.milanofashioninstitute.com\/en\/scholarships\/\">aici<\/a>.<\/p>\n<div dir=\"auto\" style=\"text-align: justify;\"><\/div>\n<div class=\"x11i5rnm xat24cr x1mh8g0r x1vvkbs xtlvy1s x126k92a\" style=\"text-align: justify;\">\n<div dir=\"auto\"><strong>\u00a0<\/strong><\/div>\n<\/div>\n<p><strong>12.07.2023 <\/strong><\/p>\n<\/div>\n<p style=\"text-align: justify;\"><strong>,,Accademia di Alta Formazione di Moda e Design MakeCampus\u201d<\/strong>, cu sediul \u00een Cetona (Siena), ofer\u0103 14 burse de studiu pentru frecventarea unui curs de \u00eenalt\u0103 formare profesional\u0103 \u00een domeniul modei \u0219i designului. Cursul \u00een cauz\u0103, care se adreseaz\u0103 studen\u021bilor italieni \u0219i str\u0103ini cu v\u00e2rste cuprinse \u00eentre 18 \u0219i 25 de ani, include 9 luni de preg\u0103tire \u0219i \u00eenc\u0103 6 luni de experien\u021b\u0103 de lucru \u00een companii din sector. Participarea la curs nu implic\u0103 eliberarea unei calific\u0103ri cu valoare legal\u0103 \u00een Italia, \u00eentruc\u00e2t institu\u021bia care \u00eel ofer\u0103 nu este recunoscut\u0103 de Ministerul Italian al Educa\u021biei, Universit\u0103\u021bii \u0219i Cercet\u0103rii. Bursele oferite acoper\u0103 costurile de cazare \u0219i participare la curs.<\/p>\n<div class=\"xdj266r x11i5rnm xat24cr x1mh8g0r x1vvkbs x126k92a\" style=\"text-align: justify;\">\n<div dir=\"auto\">\n<p><a href=\"https:\/\/makecampus.it\/wp-content\/uploads\/2023\/03\/BANDO-DI-SELEZIONE-MC-2023.pdf\">Anun\u021b<\/a>\u00a0\u00a0\u00a0\u00a0 <a href=\"https:\/\/makecampus.it\/wp-content\/uploads\/2023\/03\/makecampus-brochure-2023.pdf\">Bro\u0219ur\u0103 MakeCampus<\/a>\u00a0\u00a0\u00a0\u00a0 <a href=\"https:\/\/makecampus.it\/\">Site oficial<\/a><\/p>\n<div dir=\"auto\" style=\"text-align: justify;\"><\/div>\n<div class=\"x11i5rnm xat24cr x1mh8g0r x1vvkbs xtlvy1s x126k92a\" style=\"text-align: justify;\">\n<div dir=\"auto\"><strong>\u00a0<\/strong><\/div>\n<\/div>\n<p><strong>09.06.2023<\/strong><\/p>\n<\/div>\n<\/div>\n<p style=\"text-align: justify;\">\u0218coala Superioar\u0103 Isufi (Institutul Superior Universitar de Formare Interdisciplinar\u0103) din cadrul Universit\u0103\u021bii din Salento (Lecce, Italia) selecteaz\u0103 tinere talente, exclusiv \u00een baza meritelor, \u0219i le ofer\u0103 cursuri interdisciplinare \u0219i interna\u021bionale, care se adaug\u0103 cursurilor obi\u0219nuite ale Universit\u0103\u021bii din Salento. Elevii sunt selecta\u021bi prin concurs, care anul acesta se desf\u0103\u0219oar\u0103 sub forma unui interviu la distan\u021b\u0103, \u00een limba italian\u0103, pe teme de actualitate referitoare la domeniile de studiu alese de candida\u021bi.<br \/>\n<a href=\"https:\/\/iicbucarest.esteri.it\/wp-content\/uploads\/2023\/06\/Bando-ISUFI-2023_2024PUBBLICATO.pdf\">Anun\u021b ISUFI 2023_2024<\/a> \u00a0\u00a0 \u00a0<a href=\"https:\/\/iicbucarest.esteri.it\/wp-content\/uploads\/2023\/06\/Notice-Isufi-2023-24-final.pdf\">Notice of Competition Isufi 2023-24<\/a> \u00a0 \u00a0 \u00a0 <a href=\"https:\/\/iicbucarest.esteri.it\/wp-content\/uploads\/2023\/06\/brochure_isufi.pdf\">Bro\u0219ura_Isufi<\/a><\/p>\n","protected":false},"excerpt":{"rendered":"29.08.2023 Universitatea Telematic\u0103 Interna\u021bional\u0103 Uninettuno ofer\u0103 cursuri de licen\u021b\u0103, master \u0219i proiecte de cercetare europene \u00een limba italian\u0103, englez\u0103 \u0219i arab\u0103. Studen\u021bii din Rom\u00e2nia se pot bucura de 25% reducere la taxa anual\u0103 datorit\u0103 colabor\u0103rii dintre Institutele Italiene de Cultur\u0103 \u0219i Universitatea Telematic\u0103 Interna\u021bional\u0103 Uninettuno. Universitatea ofer\u0103, nu doar lec\u021bii video academice, ci \u0219i lec\u021bii [&hellip;]","protected":false},"author":4,"featured_media":0,"parent":114,"menu_order":1,"comment_status":"closed","ping_status":"closed","template":"","meta":{"footnotes":""},"class_list":["post-462","page","type-page","status-publish","hentry"],"_links":{"self":[{"href":"https:\/\/iicbucarest.esteri.it\/ro\/wp-json\/wp\/v2\/pages\/462","targetHints":{"allow":["GET"]}}],"collection":[{"href":"https:\/\/iicbucarest.esteri.it\/ro\/wp-json\/wp\/v2\/pages"}],"about":[{"href":"https:\/\/iicbucarest.esteri.it\/ro\/wp-json\/wp\/v2\/types\/page"}],"author":[{"embeddable":true,"href":"https:\/\/iicbucarest.esteri.it\/ro\/wp-json\/wp\/v2\/users\/4"}],"replies":[{"embeddable":true,"href":"https:\/\/iicbucarest.esteri.it\/ro\/wp-json\/wp\/v2\/comments?post=462"}],"version-history":[{"count":6,"href":"https:\/\/iicbucarest.esteri.it\/ro\/wp-json\/wp\/v2\/pages\/462\/revisions"}],"predecessor-version":[{"id":1679,"href":"https:\/\/iicbucarest.esteri.it\/ro\/wp-json\/wp\/v2\/pages\/462\/revisions\/1679"}],"up":[{"embeddable":true,"href":"https:\/\/iicbucarest.esteri.it\/ro\/wp-json\/wp\/v2\/pages\/114"}],"wp:attachment":[{"href":"https:\/\/iicbucarest.esteri.it\/ro\/wp-json\/wp\/v2\/media?parent=462"}],"curies":[{"name":"wp","href":"https:\/\/api.w.org\/{rel}","templated":true}]}}