{"id":384,"date":"2023-06-20T15:44:19","date_gmt":"2023-06-20T13:44:19","guid":{"rendered":"https:\/\/iicbucarest.esteri.it\/?page_id=384"},"modified":"2025-11-27T18:12:47","modified_gmt":"2025-11-27T17:12:47","slug":"ditals","status":"publish","type":"page","link":"https:\/\/iicbucarest.esteri.it\/ro\/lingua-e-cultura\/certificazioni\/ditals\/","title":{"rendered":"DITALS"},"content":{"rendered":"<p style=\"text-align: justify;\"><strong>EXAMENELE DITALS<\/strong><\/p>\n<p style=\"text-align: justify;\">Institutul Italian de Cultur\u0103 din Bucure\u0219ti este o institu\u021bie recunoscut\u0103 unde poate fi ob\u021binut\u0103 <a href=\"https:\/\/ditals.unistrasi.it\/\">certificarea DITALS <\/a>de nivel I \u0219i II.<br \/>\n<strong>Certificarea DITALS<\/strong> este o diplom\u0103 cultural\u0103 eliberat\u0103 de Universitatea pentru Str\u0103ini din Siena care atest\u0103 preg\u0103tirea teoretic\u0103 \u0219i practic\u0103 \u00een domeniul pred\u0103rii limbii italiene str\u0103inilor \u0219i garanteaz\u0103 un anume grad de omologare \u0219i \u00een afara unui parcurs formativ specific.<br \/>\nExamenul de Certificare DITALS e structurat pe trei niveluri.<\/p>\n<p style=\"text-align: justify;\"><strong>Certificarea DITALS DE BAZ\u0102 <\/strong>atest\u0103 o competen\u021b\u0103 de baz\u0103 \u00een predarea limbii italiene str\u0103inilor \u0219i se adreseaz\u0103 \u00een special profesorilor care nu au italiana ca limb\u0103 matern\u0103 sau celor care \u00eenc\u0103 nu au experien\u021b\u0103 \u00een predare.<br \/>\n<strong>Certificarea DITALS de nivel I<\/strong> atest\u0103 o bun\u0103 competen\u021b\u0103 \u00een domeniul gloto-didactic \u0219i o competen\u021b\u0103 specific\u0103 destinat\u0103 unui anume profil de destinatari: copii, adolescen\u021bi, adul\u021bi \u0219i b\u0103tr\u00e2ni, emigran\u021bi, studen\u021bi, cursan\u021bi cu limba matern\u0103 omogen\u0103 (chinez\u0103, arab\u0103, japonez\u0103).<br \/>\n<strong>Certificarea DITALS de nivel II<\/strong> atest\u0103 o competen\u021b\u0103 avansat\u0103 \u00een predarea limbii italiene str\u0103inilor \u0219i se adreseaz\u0103 profesorilor care activeaz\u0103 \u00een orice fel de context de predare \u0219i cu orice tip de grup de cursan\u021bi.<\/p>\n<p><strong>Cui se adreseaz\u0103?<\/strong><br \/>\nAceast\u0103 certificare se adreseaz\u0103:<br \/>\n&#8211; persoanelor care au o diplom\u0103 de bacalaureat, de licen\u021b\u0103 sau de masterat \u0219i care doresc s\u0103 lucreze \u00een domeniul pred\u0103rii limbii italiene str\u0103inilor;<br \/>\n&#8211; profesorilor italieni din \u0219colile publice, care au str\u0103ini \u00een clasele lor \u0219i vor s\u0103 deprind\u0103 competen\u021be specifice pred\u0103rii limbii italiene str\u0103inilor;<br \/>\n&#8211; profesorilor din institu\u021biile private care doresc s\u0103 ob\u021bin\u0103 un document care s\u0103 ateste experien\u021ba \u0219i competen\u021bele lor;<br \/>\n&#8211; profesorilor str\u0103ini care posed\u0103 o certificare a cunoa\u0219terii limbii italiene de nivel C2 din Cadrul Comun European.<\/p>\n<p><strong>VALIDITATEA certific\u0103rii DITALS<\/strong><br \/>\n<a href=\"https:\/\/ditals.unistrasi.it\/home.asp\">Certificarea DITALS<\/a> este recunoscut\u0103 \u0219i contribuie la atribuirea de puncte \u0219i de credite la concursurile de angajare a profesorilor \u0219i \u00een toate parcursurile de formare \u00een domeniul pred\u0103rii limbilor str\u0103ine.<\/p>\n<p><strong>Criteriile de admitere le pute\u021bi g\u0103si la pagina dedicat\u0103 pe site-ul Universit\u0103\u021bii pentru Str\u0103ini din Siena. Link <a href=\"https:\/\/ditals.unistrasi.it\/1\/1\/Esami.htm\">aici<\/a>.\u00a0<\/strong><\/p>\n<p><strong>\u00ceNSCRIERE LA EXAMENE<\/strong><\/p>\n<table>\n<tbody>\n<tr>\n<td><strong>Certificare<\/strong><\/td>\n<td><strong>Datele examenelor<\/strong><\/td>\n<td><strong>Cota de \u00eenscriere*<\/strong><\/td>\n<td><strong>Cota de admitere<\/strong><\/td>\n<\/tr>\n<tr>\n<td><strong>DITALS DE BAZ\u0102<\/strong><\/td>\n<td>20 februarie,<br \/>\n17 aprilie,<br \/>\n17 iulie 2025<br \/>\n20 noiembrie 2026<\/td>\n<td>100 RON<\/td>\n<td>450 RON<\/td>\n<\/tr>\n<tr>\n<td><strong>DITALS nivelul I<\/strong><\/td>\n<td>17 aprilie,<br \/>\n17 iulie 2025<br \/>\n20 noiembrie 2026<\/td>\n<td>100 RON<\/td>\n<td>750 RON<\/td>\n<\/tr>\n<tr>\n<td><strong>DITALS nivelul II<\/strong><\/td>\n<td>20 februarie,<br \/>\n17 iulie 2026<\/td>\n<td>200 RON<\/td>\n<td>1.100 RON<\/td>\n<\/tr>\n<\/tbody>\n<\/table>\n<p style=\"text-align: justify;\"><strong>*Cota de \u00eenscriere nu este rambursabil\u0103 \u00een cazul neaccept\u0103rii la examen.<br \/>\n*\u00censcrierile se fac cu <span style=\"text-decoration: underline;\">cel pu\u021bin 50 de zile \u00eenainte de data examenului<\/span>.<\/strong><\/p>\n<p><strong>Modalitate de \u00eenscriere<\/strong><\/p>\n<p style=\"text-align: justify;\">Este necesar\u0103 trimiterea urm\u0103toarelor documente la adresa de email <a href=\"mailto:corsi.iicbucarest@esteri.it\">corsi.iicbucarest@esteri.it<\/a><\/p>\n<ul style=\"text-align: justify;\">\n<li><strong>Formularul<\/strong> completat cu litere majuscule: numele, locul \u0219i data na\u0219terii trebuie s\u0103 fie identice cu cele indicate \u00een documentul de identitate. <strong>Pentru cei care au sus\u021binut <\/strong><strong>deja <\/strong><strong>un examen Ditals, trebuie indicat \u00een formulare num\u0103rul matricol.<\/strong><\/li>\n<\/ul>\n<p style=\"text-align: justify;\"><a href=\"https:\/\/iicbucarest.esteri.it\/wp-content\/uploads\/2025\/05\/DOMANDA-ISCRIZIONE-DITALS-BASE-SEDI.pdf\">Formular Ditals de Baz\u0103<\/a><br \/>\n<a href=\"https:\/\/iicbucarest.esteri.it\/wp-content\/uploads\/2025\/05\/DOMANDA-ISCRIZIONE-DITALS-I-livello.SEDI_.pdf\">Formular Ditals I<\/a><br \/>\n<a href=\"https:\/\/iicbucarest.esteri.it\/wp-content\/uploads\/2025\/05\/DOMANDA-ISCRIZIONE-DITALS-II-LIVELLO.pdf\">Formular Ditals II<\/a><\/p>\n<ul style=\"text-align: justify;\">\n<li>o copie inteligibil\u0103 a unui document de identitate (pa\u0219aport, carte de identitate)<\/li>\n<li>dovada de plat\u0103 a taxei de \u00eenscriere prin banc\u0103<\/li>\n<\/ul>\n<p style=\"text-align: justify;\">Ca o alternativ\u0103 la plata prin banc\u0103, cotele de \u00eenscriere pot fi pl\u0103tite cu Cardul de credit exclusiv la Institut (cu excep\u021bia American Express) \u00eenainte de \u00eencheierea perioadei de \u00eenscriere.<\/p>\n<p style=\"text-align: justify;\">Candida\u021bii admi\u0219i la examen vor primi o convocare prin e-mail.<\/p>\n<p><strong>\u00cen cazul repet\u0103rii par\u021biale sau totale a sec\u021biunilor de examen nepromovate<\/strong><\/p>\n<p style=\"text-align: justify;\">Candidatul va avea posibilitatea de a repeta proba \u00een sesiunile urm\u0103toare, timp de 3 ani de la data primului examen.<br \/>\nTaxa care trebuie pl\u0103tit\u0103 pentru fiecare prob\u0103 de examen Ditals de Baz\u0103 este de 30\u20ac, pentru Ditals I este de 50\u20ac \u0219i pentru Ditals II este de 55\u20ac.<\/p>\n<p><strong>BIBLIOGRAFIE<\/strong><\/p>\n<p style=\"text-align: justify;\">Bibliografia anului 2025 poate fi accesat\u0103 la pagina dedicat\u0103, link aici: <a href=\"https:\/\/ditals.unistrasi.it\/1\/17\/28\/Bibliografie_DITALS.htm\">https:\/\/ditals.unistrasi.it\/1\/17\/28\/Bibliografie_DITALS.htm<\/a><\/p>\n","protected":false},"excerpt":{"rendered":"EXAMENELE DITALS Institutul Italian de Cultur\u0103 din Bucure\u0219ti este o institu\u021bie recunoscut\u0103 unde poate fi ob\u021binut\u0103 certificarea DITALS de nivel I \u0219i II. Certificarea DITALS este o diplom\u0103 cultural\u0103 eliberat\u0103 de Universitatea pentru Str\u0103ini din Siena care atest\u0103 preg\u0103tirea teoretic\u0103 \u0219i practic\u0103 \u00een domeniul pred\u0103rii limbii italiene str\u0103inilor \u0219i garanteaz\u0103 un anume grad de omologare [&hellip;]","protected":false},"author":4,"featured_media":0,"parent":113,"menu_order":3,"comment_status":"closed","ping_status":"closed","template":"","meta":{"footnotes":""},"class_list":["post-384","page","type-page","status-publish","hentry"],"_links":{"self":[{"href":"https:\/\/iicbucarest.esteri.it\/ro\/wp-json\/wp\/v2\/pages\/384","targetHints":{"allow":["GET"]}}],"collection":[{"href":"https:\/\/iicbucarest.esteri.it\/ro\/wp-json\/wp\/v2\/pages"}],"about":[{"href":"https:\/\/iicbucarest.esteri.it\/ro\/wp-json\/wp\/v2\/types\/page"}],"author":[{"embeddable":true,"href":"https:\/\/iicbucarest.esteri.it\/ro\/wp-json\/wp\/v2\/users\/4"}],"replies":[{"embeddable":true,"href":"https:\/\/iicbucarest.esteri.it\/ro\/wp-json\/wp\/v2\/comments?post=384"}],"version-history":[{"count":6,"href":"https:\/\/iicbucarest.esteri.it\/ro\/wp-json\/wp\/v2\/pages\/384\/revisions"}],"predecessor-version":[{"id":10840,"href":"https:\/\/iicbucarest.esteri.it\/ro\/wp-json\/wp\/v2\/pages\/384\/revisions\/10840"}],"up":[{"embeddable":true,"href":"https:\/\/iicbucarest.esteri.it\/ro\/wp-json\/wp\/v2\/pages\/113"}],"wp:attachment":[{"href":"https:\/\/iicbucarest.esteri.it\/ro\/wp-json\/wp\/v2\/media?parent=384"}],"curies":[{"name":"wp","href":"https:\/\/api.w.org\/{rel}","templated":true}]}}