{"id":374,"date":"2023-06-20T15:31:51","date_gmt":"2023-06-20T13:31:51","guid":{"rendered":"https:\/\/iicbucarest.esteri.it\/?page_id=374"},"modified":"2026-02-20T15:15:22","modified_gmt":"2026-02-20T14:15:22","slug":"celi","status":"publish","type":"page","link":"https:\/\/iicbucarest.esteri.it\/ro\/lingua-e-cultura\/certificazioni\/celi\/","title":{"rendered":"CELI"},"content":{"rendered":"<p>Examenul de Certificare a cuno\u015ftin\u0163elor de limb\u0103 italian\u0103 (<a href=\"https:\/\/www.unistrapg.it\/it\/certificati-di-conoscenza-della-lingua-italiana\/celi-certificati-di-lingua-italiana\">CELI<\/a>) este organizat \u00een colaborare cu\u00a0<a href=\"http:\/\/www.cvcl.it\/\">Universitatea pentru Str\u0103ini din Perugia<\/a>.<\/p>\n<p>\u00cen <strong>2026<\/strong> vor avea loc dou\u0103 sesiuni de examene CELI:<\/p>\n<table style=\"height: 640px;\" width=\"759\">\n<tbody>\n<tr>\n<td width=\"214\"><strong>DATA EXAMENULUI<\/strong><\/p>\n<p><strong>11 martie 2026<\/strong><\/td>\n<td width=\"214\"><strong>NIVELUL<\/strong><\/p>\n<p>A1 CELI impact<\/td>\n<td width=\"214\"><strong>TERMEN DE \u00ceNSCRIERE<\/strong><\/p>\n<p>12 ianuarie &#8211; 12 februarie 2026<\/td>\n<\/tr>\n<tr>\n<td width=\"214\"><\/td>\n<td width=\"214\">A2 CELI 1<\/td>\n<td width=\"214\"><\/td>\n<\/tr>\n<tr>\n<td width=\"214\"><\/td>\n<td width=\"214\">B1 CELI 2<\/td>\n<td width=\"214\"><\/td>\n<\/tr>\n<tr>\n<td width=\"214\"><\/td>\n<td width=\"214\">B2 CELI 3<\/td>\n<td width=\"214\"><\/td>\n<\/tr>\n<tr>\n<td width=\"214\"><\/td>\n<td width=\"214\"><\/td>\n<td width=\"214\"><\/td>\n<\/tr>\n<tr>\n<td width=\"214\"><strong>9 iunie 2026<\/strong><\/td>\n<td width=\"214\">A1 CELI impact<\/td>\n<td width=\"214\">1 aprilie &#8211; 3 mai 2026<\/td>\n<\/tr>\n<tr>\n<td width=\"214\"><\/td>\n<td width=\"214\">A2 CELI 1<\/td>\n<td width=\"214\"><\/td>\n<\/tr>\n<tr>\n<td width=\"214\"><\/td>\n<td width=\"214\">B1 CELI 2<\/td>\n<td width=\"214\"><\/td>\n<\/tr>\n<tr>\n<td width=\"214\"><\/td>\n<td width=\"214\">B2 CELI 3<\/td>\n<td width=\"214\"><\/td>\n<\/tr>\n<tr>\n<td width=\"214\"><\/td>\n<td width=\"214\">C1 CELI 4<\/td>\n<td width=\"214\"><\/td>\n<\/tr>\n<tr>\n<td width=\"214\"><\/td>\n<td width=\"214\">C2 CELI 5<\/td>\n<td width=\"214\"><\/td>\n<\/tr>\n<tr>\n<td width=\"214\"><\/td>\n<td width=\"214\"><\/td>\n<td width=\"214\"><\/td>\n<\/tr>\n<tr>\n<td width=\"214\"><strong>11 noiembrie 2026<\/strong><\/td>\n<td width=\"214\">A1 CELI impact<\/td>\n<td width=\"214\">7 septembrie &#8211; 8 octombrie 2026<\/td>\n<\/tr>\n<tr>\n<td width=\"214\"><\/td>\n<td width=\"214\">A2 CELI 1<\/td>\n<td width=\"214\"><\/td>\n<\/tr>\n<tr>\n<td width=\"214\"><\/td>\n<td width=\"214\">B1 CELI 2<\/td>\n<td width=\"214\"><\/td>\n<\/tr>\n<tr>\n<td width=\"214\"><\/td>\n<td width=\"214\">B2 CELI 3<\/td>\n<td width=\"214\"><\/td>\n<\/tr>\n<tr>\n<td width=\"214\"><\/td>\n<td width=\"214\">C1 CELI 4<\/td>\n<td width=\"214\"><\/td>\n<\/tr>\n<tr>\n<td width=\"214\"><\/td>\n<td width=\"214\">C2 CELI 5<\/td>\n<td width=\"214\"><\/td>\n<\/tr>\n<\/tbody>\n<\/table>\n<p>Pre\u021b\u00a0<strong>430<\/strong> pentru toate nivelurile (260 ron pentru repetarea unei probe).<\/p>\n<p><strong>Cum se fac \u00eenscrierile la examen<\/strong><\/p>\n<p>Formularul de \u00eenscriere trebuie completat \u0219i trimis la IIC Bucure\u0219ti, la adresa de mail <a href=\"mailto:corsi.iicbucarest@esteri.it\"><strong>corsi.iicbucarest@esteri.it<\/strong><\/a>, \u00eempreun\u0103 cu un act de identitate, \u00een intervalul indicat pentru fiecare sesiune.<\/p>\n<p><strong><a href=\"https:\/\/iicbucarest.esteri.it\/wp-content\/uploads\/2023\/06\/Scheda-iscrizione-CeliCic-Rev-2018.pdf\">Descarc\u0103 formularul de \u00eenscriere<\/a><\/strong><\/p>\n<p><strong>Nota bene: <\/strong>candida\u021bii care au sus\u021binut deja examenul CELI, promov\u00e2nd doar o parte din abilit\u0103\u021bile necesare, pot <strong>repeta<\/strong> proba nepromovat\u0103<strong> \u00een termen de 12 luni de la primul examen<\/strong>.<\/p>\n<p><strong>Modalit\u0103\u021bi de plat\u0103<\/strong>:<\/p>\n<ul>\n<li><strong>cu cardul\u00a0<\/strong>exclusiv la sediul Institutului<\/li>\n<li><strong>prin transfer bancar,\u00a0<\/strong>cu trimiterea dovezii de plat\u0103 la adresa de e-mail a secretariatului\u00a0<a href=\"mailto:corsi.iicbucarest@esteri.it\"><strong>corsi.iicbucarest@esteri.it<\/strong><\/a>. IBAN-ul Institutului: UNICREDIT BANK<br \/>\nIBAN RO23BACX0000001694493000<\/li>\n<\/ul>\n<p><strong>Rezultate<\/strong><\/p>\n<p>Institutul Italian de Cultur\u0103 <strong>nu<\/strong> este responsabil pentru corectarea \u0219i\/sau publicarea rezultatelor \u0219i nu are niciun control asupra momentului public\u0103rii acestora. Prin urmare, candidatul poate accesa pagina dedicat\u0103 cu num\u0103rul s\u0103u de \u00eenmatriculare \u0219i data na\u0219terii. Link: <a href=\"https:\/\/cvcl.unistrapg.it\/pagine\/candidati-celi\">https:\/\/cvcl.unistrapg.it\/pagine\/candidati-celi<\/a><\/p>\n<p><a href=\"http:\/\/www.cvcl.it\/categorie\/categoria-104?explicit=SI\">Exemple de probe de examen din sesiunile 2006, 2007, 2008.<\/a><\/p>\n<table width=\"600\">\n<tbody>\n<tr>\n<td width=\"100\"><strong>\u00a0<\/strong><strong>Niveluri\u00a0\u00a0\u00a0\u00a0<\/strong><\/td>\n<td width=\"100\"><strong>CELI 1<\/strong><\/td>\n<td width=\"100\"><strong>CELI 2<\/strong><\/td>\n<td width=\"100\"><strong>CELI 3<\/strong><\/td>\n<td width=\"100\"><strong>CELI 4<\/strong><\/td>\n<td width=\"100\"><strong>CELI 5<\/strong><\/td>\n<\/tr>\n<tr>\n<td width=\"100\">Niveluri ale cadrului comun european<\/td>\n<td width=\"100\">A2<\/td>\n<td width=\"100\">B1<\/td>\n<td width=\"100\">B2<\/td>\n<td width=\"100\">C1<\/td>\n<td width=\"100\">C2<\/td>\n<\/tr>\n<\/tbody>\n<\/table>\n<p>&nbsp;<\/p>\n","protected":false},"excerpt":{"rendered":"Examenul de Certificare a cuno\u015ftin\u0163elor de limb\u0103 italian\u0103 (CELI) este organizat \u00een colaborare cu\u00a0Universitatea pentru Str\u0103ini din Perugia. \u00cen 2026 vor avea loc dou\u0103 sesiuni de examene CELI: DATA EXAMENULUI 11 martie 2026 NIVELUL A1 CELI impact TERMEN DE \u00ceNSCRIERE 12 ianuarie &#8211; 12 februarie 2026 A2 CELI 1 B1 CELI 2 B2 CELI 3 [&hellip;]","protected":false},"author":4,"featured_media":0,"parent":113,"menu_order":2,"comment_status":"closed","ping_status":"closed","template":"","meta":{"footnotes":""},"class_list":["post-374","page","type-page","status-publish","hentry"],"_links":{"self":[{"href":"https:\/\/iicbucarest.esteri.it\/ro\/wp-json\/wp\/v2\/pages\/374","targetHints":{"allow":["GET"]}}],"collection":[{"href":"https:\/\/iicbucarest.esteri.it\/ro\/wp-json\/wp\/v2\/pages"}],"about":[{"href":"https:\/\/iicbucarest.esteri.it\/ro\/wp-json\/wp\/v2\/types\/page"}],"author":[{"embeddable":true,"href":"https:\/\/iicbucarest.esteri.it\/ro\/wp-json\/wp\/v2\/users\/4"}],"replies":[{"embeddable":true,"href":"https:\/\/iicbucarest.esteri.it\/ro\/wp-json\/wp\/v2\/comments?post=374"}],"version-history":[{"count":7,"href":"https:\/\/iicbucarest.esteri.it\/ro\/wp-json\/wp\/v2\/pages\/374\/revisions"}],"predecessor-version":[{"id":11422,"href":"https:\/\/iicbucarest.esteri.it\/ro\/wp-json\/wp\/v2\/pages\/374\/revisions\/11422"}],"up":[{"embeddable":true,"href":"https:\/\/iicbucarest.esteri.it\/ro\/wp-json\/wp\/v2\/pages\/113"}],"wp:attachment":[{"href":"https:\/\/iicbucarest.esteri.it\/ro\/wp-json\/wp\/v2\/media?parent=374"}],"curies":[{"name":"wp","href":"https:\/\/api.w.org\/{rel}","templated":true}]}}