{"id":351,"date":"2023-05-30T18:06:27","date_gmt":"2023-05-30T16:06:27","guid":{"rendered":"https:\/\/iicbucarest.esteri.it\/lingua-e-cultura\/certificazioni\/cils-2\/"},"modified":"2026-03-13T13:01:11","modified_gmt":"2026-03-13T12:01:11","slug":"cils-2","status":"publish","type":"page","link":"https:\/\/iicbucarest.esteri.it\/ro\/lingua-e-cultura\/certificazioni\/cils-2\/","title":{"rendered":"CILS"},"content":{"rendered":"<div class=\"entry-content\">\n<p style=\"text-align: justify;\"><strong>Certificare CILS<\/strong><\/p>\n<p style=\"text-align: justify;\">Institutul Italian de Cultur\u0103 ofer\u0103 posibilitatea de a sus\u021bine examenul <a href=\"https:\/\/cils.unistrasi.it\/home.asp\">CILS<\/a> (Certificarea cunoa\u0219terii limbii italiene ca Limb\u0103 Str\u0103in\u0103). Certificarea CILS atest\u0103 nivelul de competen\u021b\u0103 lingvistic\u0103 \u0219i comunicativ\u0103 \u00een limba italian\u0103 ca L2. Certificarea CILS a fost proiectat\u0103 \u0219i realizat\u0103 \u00een cadrul centrului de cercetare al <a href=\"https:\/\/cils.unistrasi.it\/home.asp\">Universit\u0103\u021bii pentru Str\u0103ini din Siena<\/a> \u0219i este recunoscut\u0103 de Ministerul Afacerilor Externe al Italiei.<\/p>\n<p style=\"text-align: justify;\"><strong>Pentru cine?<\/strong><\/p>\n<p style=\"text-align: justify;\">CILS este util pentru to\u021bi cei care studiaz\u0103 limba italian\u0103, pentru cei ce lucreaz\u0103 sau studiaz\u0103 \u00eentr-un mediu \u00een care italiana este limba vorbit\u0103 \u0219i pentru cei care doresc s\u0103-\u0219i certifice abilit\u0103\u021bile \u0219i cuno\u0219tin\u021bele de italian\u0103 ca L2. Fiecare nivel CILS se refer\u0103 la abilitatea de a comunica \u00een diferite contexte \u0219i situa\u021bii.<\/p>\n<p style=\"text-align: justify;\"><strong>Datele examenelor \u0219i Tarife<br \/>\n<\/strong><\/p>\n<p style=\"text-align: justify;\"><strong>CALENDAR 2026<\/strong><\/p>\n<table width=\"948\">\n<tbody>\n<tr>\n<td width=\"313\"><strong>Data examenului\u00a0<\/strong><\/td>\n<td width=\"324\"><strong>Perioada de \u00eenscriere\u00a0<\/strong><\/td>\n<td width=\"302\"><strong>Nivelul<\/strong><\/td>\n<\/tr>\n<tr>\n<td width=\"313\"><strong>19 februarie\u00a0<\/strong><\/td>\n<td width=\"324\">15 decembrie 2025 &#8211; 15 ianuarie<\/td>\n<td width=\"302\">B1 cet\u0103\u021benie<\/td>\n<\/tr>\n<tr>\n<td width=\"313\"><\/td>\n<td width=\"324\"><\/td>\n<td width=\"302\"><\/td>\n<\/tr>\n<tr>\n<td width=\"313\"><strong>14 aprilie<\/strong><\/td>\n<td width=\"324\">12 februarie &#8211; 16 martie<\/td>\n<td width=\"302\">B1 cet\u0103\u021benie<\/td>\n<\/tr>\n<tr>\n<td width=\"313\"><\/td>\n<td width=\"324\"><\/td>\n<td width=\"302\">B1 adolescen\u021bi<\/td>\n<\/tr>\n<tr>\n<td width=\"313\"><\/td>\n<td width=\"324\"><\/td>\n<td width=\"302\">B2<\/td>\n<\/tr>\n<tr>\n<td width=\"313\"><\/td>\n<td width=\"324\"><\/td>\n<td width=\"302\">C1 &#8211; Specializare \u00een medicin\u0103**<\/td>\n<\/tr>\n<tr>\n<td width=\"313\"><\/td>\n<td width=\"324\"><\/td>\n<td width=\"302\"><\/td>\n<\/tr>\n<tr>\n<td width=\"313\"><strong>16 iunie<\/strong><\/td>\n<td width=\"324\">05 aprilie &#8211; 05 mai<\/td>\n<td width=\"302\">A1 standard<\/td>\n<\/tr>\n<tr>\n<td width=\"313\"><\/td>\n<td width=\"324\"><\/td>\n<td width=\"302\">A2 adolescen\u021bi<\/td>\n<\/tr>\n<tr>\n<td width=\"313\"><\/td>\n<td width=\"324\"><\/td>\n<td width=\"302\">B1 adolescen\u021bi<\/td>\n<\/tr>\n<tr>\n<td width=\"313\"><\/td>\n<td width=\"324\"><\/td>\n<td width=\"302\">B1 cet\u0103\u021benie<\/td>\n<\/tr>\n<tr>\n<td width=\"313\"><\/td>\n<td width=\"324\"><\/td>\n<td width=\"302\">B1 standard<\/td>\n<\/tr>\n<tr>\n<td width=\"313\"><\/td>\n<td width=\"324\"><\/td>\n<td width=\"302\">B2<\/td>\n<\/tr>\n<tr>\n<td width=\"313\"><\/td>\n<td width=\"324\"><\/td>\n<td width=\"302\">C1<\/td>\n<\/tr>\n<tr>\n<td width=\"313\"><\/td>\n<td width=\"324\"><\/td>\n<td width=\"302\">C2<\/td>\n<\/tr>\n<tr>\n<td width=\"313\"><\/td>\n<td width=\"324\"><\/td>\n<td width=\"302\"><\/td>\n<\/tr>\n<tr>\n<td width=\"313\"><strong>21 octombrie<\/strong><\/td>\n<td width=\"324\">17 august &#8211; 17 septembrie<\/td>\n<td width=\"302\">B1 cet\u0103\u021benie<\/td>\n<\/tr>\n<tr>\n<td width=\"313\"><\/td>\n<td width=\"324\"><\/td>\n<td width=\"302\"><\/td>\n<\/tr>\n<tr>\n<td width=\"313\"><strong>3 decembrie<\/strong><\/td>\n<td width=\"324\">21 septembrie -21 octombrie<\/td>\n<td width=\"302\">A2 standard<\/td>\n<\/tr>\n<tr>\n<td width=\"313\"><\/td>\n<td width=\"324\"><\/td>\n<td width=\"302\">A2 adolescen\u021bi<\/td>\n<\/tr>\n<tr>\n<td width=\"313\"><\/td>\n<td width=\"324\"><\/td>\n<td width=\"302\">B1 adolescen\u021bi<\/td>\n<\/tr>\n<tr>\n<td width=\"313\"><\/td>\n<td width=\"324\"><\/td>\n<td width=\"302\">B1 cet\u0103\u021benie<\/td>\n<\/tr>\n<tr>\n<td width=\"313\"><\/td>\n<td width=\"324\"><\/td>\n<td width=\"302\">B1 standard<\/td>\n<\/tr>\n<tr>\n<td width=\"313\"><\/td>\n<td width=\"324\"><\/td>\n<td width=\"302\">B2<\/td>\n<\/tr>\n<tr>\n<td width=\"313\"><\/td>\n<td width=\"324\"><\/td>\n<td width=\"302\">C1<\/td>\n<\/tr>\n<tr>\n<td width=\"313\"><\/td>\n<td width=\"324\"><\/td>\n<td width=\"302\">C2<\/td>\n<\/tr>\n<\/tbody>\n<\/table>\n<p><strong style=\"text-align: justify;\">Taxe de examinare<\/strong><\/p>\n<p style=\"text-align: justify;\">A1\/A2: 250 lei (65 lei \/ pentru repetarea unei probe)<br \/>\nCILS B1 Standard: 350 Lei (100 Lei \/ pentru repetarea unei probe)<br \/>\nCILS B1 Adolescen\u021bi: 300 lei (80 lei \/ pentru repetarea unei probe)<br \/>\nCILS B1 Cet\u0103\u021benie: 550 Lei<br \/>\nCILS Due \u2013 B2: 400 Lei (115 Lei \/ pentru repetarea unei probe)<br \/>\nCILS Tre \u2013 C1: 450 Lei (125 Lei \/ pentru repetarea unei probe)<br \/>\nCILS Quattro \u2013 C2: 500 Lei (140 Lei \/ pentru repetarea unei probe)<\/p>\n<p style=\"text-align: justify;\"><strong>Cum se fac \u00eenscrierile la examen<\/strong><\/p>\n<\/div>\n<p>Pentru a v\u0103 \u00eenscrie la examenul CILS, v\u0103 trebui s\u0103 trimite\u021bi urm\u0103toarele documente la adresa <a href=\"mailto:corsi.iicbucarest@esteri.it\"><strong>corsi.iicbucarest@esteri.it<\/strong><\/a> \u00een termenele indicate pentru fiecare sesiune:<\/p>\n<ol>\n<li>Formularul de \u00eenscriere completat \u0219i semnat;<\/li>\n<li>Documentul de identitate;<\/li>\n<li>Dovada pl\u0103\u021bii;<\/li>\n<li>**Doar pentru examenul de <strong>nivel C1 &#8211; Specializare \u00een medicin\u0103<\/strong>, certificatul de absolvire a facult\u0103\u021bii de medicin\u0103.<\/li>\n<\/ol>\n<div class=\"entry-content\">\n<p style=\"text-align: justify;\"><strong>Nota bene:<\/strong> \u00cen cazul \u00een care candidatul nu trece examenul CILS B1 cet\u0103\u021benie, nu este prev\u0103zut\u0103 repetarea unei singure p\u0103r\u021bi a acestuia, \u0219i repetarea \u00eentregului examen.<\/p>\n<p>Candida\u021bii care au sus\u021binut deja examenul CILS, promov\u00e2nd doar o parte din abilit\u0103\u021bile necesare, pot <strong>repeta<\/strong> probele nepromovate<strong> \u00een termen de 18 luni de la primul examen<\/strong>.<\/p>\n<p style=\"text-align: justify;\"><strong><a href=\"https:\/\/iicbucarest.esteri.it\/wp-content\/uploads\/2023\/06\/propostadiadesionecilspersediallestero2.pdf\">Descarc\u0103 formularul de \u00eenscriere<\/a><\/strong><\/p>\n<p><strong>Modalit\u0103\u021bi de plat\u0103<\/strong>:<\/p>\n<ul>\n<li><strong>cu cardul\u00a0<\/strong>exclusiv la sediul Institutului<\/li>\n<li><strong>prin transfer bancar,\u00a0<\/strong>cu trimiterea dovezii de plat\u0103 la adresa de e-mail a secretariatului\u00a0<a href=\"mailto:corsi.iicbucarest@esteri.it\"><strong>corsi.iicbucarest@esteri.it<\/strong><\/a>. IBAN-ul Institutului: UNICREDIT BANK<br \/>\nIBAN RO23BACX0000001694493000<\/li>\n<\/ul>\n<p><strong>Rezultate<\/strong><\/p>\n<p>Institutul Italian de Cultur\u0103 <strong>nu<\/strong> este responsabil pentru corectarea \u0219i\/sau publicarea rezultatelor \u0219i nu are niciun control asupra momentului public\u0103rii acestora. Prin urmare, candidatul poate accesa pagina dedicat\u0103 cu num\u0103rul s\u0103u de \u00eenmatriculare \u0219i data na\u0219terii. Link: <a href=\"https:\/\/online.unistrasi.it\/riscils.asp\">https:\/\/online.unistrasi.it\/riscils.asp<\/a><\/p>\n<p style=\"text-align: justify;\"><strong>Exemple de probe de examen<\/strong><\/p>\n<p style=\"text-align: justify;\"><a href=\"https:\/\/cils.unistrasi.it\/1\/89\/188\/Esempi-prove-di-esami.htm\">Examene CILS &gt;<\/a><\/p>\n<h6>Ultima modificare: 13 martie 2026. 14:00<\/h6>\n<\/div>\n","protected":false},"excerpt":{"rendered":"Certificare CILS Institutul Italian de Cultur\u0103 ofer\u0103 posibilitatea de a sus\u021bine examenul CILS (Certificarea cunoa\u0219terii limbii italiene ca Limb\u0103 Str\u0103in\u0103). Certificarea CILS atest\u0103 nivelul de competen\u021b\u0103 lingvistic\u0103 \u0219i comunicativ\u0103 \u00een limba italian\u0103 ca L2. Certificarea CILS a fost proiectat\u0103 \u0219i realizat\u0103 \u00een cadrul centrului de cercetare al Universit\u0103\u021bii pentru Str\u0103ini din Siena \u0219i este recunoscut\u0103 [&hellip;]","protected":false},"author":4,"featured_media":0,"parent":113,"menu_order":1,"comment_status":"closed","ping_status":"closed","template":"","meta":{"footnotes":""},"class_list":["post-351","page","type-page","status-publish","hentry"],"_links":{"self":[{"href":"https:\/\/iicbucarest.esteri.it\/ro\/wp-json\/wp\/v2\/pages\/351","targetHints":{"allow":["GET"]}}],"collection":[{"href":"https:\/\/iicbucarest.esteri.it\/ro\/wp-json\/wp\/v2\/pages"}],"about":[{"href":"https:\/\/iicbucarest.esteri.it\/ro\/wp-json\/wp\/v2\/types\/page"}],"author":[{"embeddable":true,"href":"https:\/\/iicbucarest.esteri.it\/ro\/wp-json\/wp\/v2\/users\/4"}],"replies":[{"embeddable":true,"href":"https:\/\/iicbucarest.esteri.it\/ro\/wp-json\/wp\/v2\/comments?post=351"}],"version-history":[{"count":7,"href":"https:\/\/iicbucarest.esteri.it\/ro\/wp-json\/wp\/v2\/pages\/351\/revisions"}],"predecessor-version":[{"id":11686,"href":"https:\/\/iicbucarest.esteri.it\/ro\/wp-json\/wp\/v2\/pages\/351\/revisions\/11686"}],"up":[{"embeddable":true,"href":"https:\/\/iicbucarest.esteri.it\/ro\/wp-json\/wp\/v2\/pages\/113"}],"wp:attachment":[{"href":"https:\/\/iicbucarest.esteri.it\/ro\/wp-json\/wp\/v2\/media?parent=351"}],"curies":[{"name":"wp","href":"https:\/\/api.w.org\/{rel}","templated":true}]}}