{"id":310,"date":"2023-06-20T09:32:34","date_gmt":"2023-06-20T07:32:34","guid":{"rendered":"https:\/\/iicbucarest.esteri.it\/?page_id=310"},"modified":"2026-04-17T15:05:40","modified_gmt":"2026-04-17T13:05:40","slug":"modalitati-de-inscriere","status":"publish","type":"page","link":"https:\/\/iicbucarest.esteri.it\/ro\/lingua-e-cultura\/i-corsi-di-lingua\/modalitati-de-inscriere\/","title":{"rendered":"Modalit\u0103\u021bi de \u00eenscriere"},"content":{"rendered":"<h5 data-start=\"724\" data-end=\"973\"><strong><span style=\"color: #ff0000;\"><span class=\"bg-light share-span\">\ud83d\udccd \u00censcrie-te <a style=\"color: #ff0000;\" href=\"https:\/\/forms.gle\/yusescuVMWXmUYxh8\">acum!<\/a><\/span><\/span><\/strong><\/h5>\n<table width=\"898\">\n<tbody>\n<tr>\n<td colspan=\"3\" width=\"898\">\n<p style=\"text-align: center;\"><strong>Calendarul cursurilor 2026 Bucure\u0219ti<\/strong><\/p>\n<\/td>\n<\/tr>\n<tr>\n<td width=\"299\"><strong>De la<\/strong><\/td>\n<td width=\"299\"><strong>P\u00e2n\u0103 la<\/strong><\/td>\n<td width=\"301\"><strong>Perioada de \u00eenscriere<\/strong><\/td>\n<\/tr>\n<tr>\n<td width=\"299\">26.01.2026 (\u00een timpul s\u0103pt\u0103m\u00e2nii)<\/p>\n<p>24.01.2026 (intensiv weekend)<\/td>\n<td width=\"299\">01.04.2026<\/p>\n<p>28.03.2026<\/td>\n<td width=\"301\">10.12.2025-10.01.2026<\/td>\n<\/tr>\n<tr>\n<td width=\"299\">04.05.2026 (\u00een timpul s\u0103pt\u0103m\u00e2nii)<\/p>\n<p>02.05.2026 (intensiv weekend)<\/td>\n<td width=\"299\">13.07.2026<\/p>\n<p>11.07.2026<\/td>\n<td width=\"301\">10.03.2026-24.04.2026<\/td>\n<\/tr>\n<tr>\n<td width=\"299\">05.10.2026<\/p>\n<p>03.10.2026<\/td>\n<td width=\"299\">09.12.2026<\/p>\n<p>05.12.2026<\/td>\n<td width=\"301\">24.08.2026-20.09.2026<\/td>\n<\/tr>\n<\/tbody>\n<\/table>\n<p style=\"text-align: justify;\"><strong>Formularul de \u00eenscriere<\/strong> se poate completa <a href=\"https:\/\/forms.gle\/yusescuVMWXmUYxh8\">aici<\/a>.<\/p>\n<p>Pentru sediul din <strong>CLUJ<\/strong>, formularul de \u00eenscriere se poate completa <a href=\"https:\/\/docs.google.com\/forms\/d\/1_CJBXYdnDxzEh25ofwGUcbrFQvCYTsOJjA0E9C-_F9Q\/edit?usp=forms_home&amp;ouid=102590946761664468098&amp;ths=true\">aici<\/a>.<\/p>\n<p><strong>Important:<\/strong> completarea formularului <strong>nu <\/strong>\u00eenseamn\u0103 \u00eenscrierea automat\u0103 la un curs.<\/p>\n<p>Num\u0103rul de participan\u021bi la cursurile cu prezen\u021b\u0103 fizic\u0103 va fi stabilit \u00een func\u021bie de capacitatea s\u0103lilor de curs \u0219i de num\u0103rul de locuri disponibile.<\/p>\n<p>** \u00cen cazul \u00een care se \u00eentrune\u0219te num\u0103rul minim de \u00eenscri\u0219i, Institutul poate lua \u00een considerare \u0219i activarea unor cursuri \u00een afara calendarului stabilit.<\/p>\n<hr \/>\n<p style=\"text-align: justify;\"><span style=\"color: #ff0000;\"><strong>Cerin\u021be prealabile \u0219i testare<\/strong><\/span><br \/>\nCu excep\u021bia primului nivel, cursan\u021bii care au studiat altundeva \u00eenainte trebuie s\u0103 sus\u021bin\u0103 un test \u00een baza c\u0103ruia este stabilit nivelul lor de cuno\u0219tin\u021be.<\/p>\n<p style=\"text-align: justify;\">Testul se sus\u021bine online, click pe <strong><u><a href=\"https:\/\/forms.gle\/3ZRZhYo15px6N9c47\">TEST DE NIVEL<\/a><\/u><\/strong>.<\/p>\n<p>Dup\u0103 sus\u021binerea testului, pentru ob\u021binerea punctajului aferent nivelului, v\u0103 rug\u0103m s\u0103 trimite\u021bi un e-mail la adresa <a href=\"mailto:corsi.iicbucarest@esteri.it\">corsi.iicbucarest@esteri.it<\/a>.<\/p>\n<p>Important: efectuarea testului de nivel <strong>nu <\/strong>\u00eenseamn\u0103 \u00eenscrierea automat\u0103 la un curs.<\/p>\n<hr \/>\n<p style=\"text-align: justify;\"><span style=\"color: #ff0000;\"><strong>Tarife<\/strong><\/span><br \/>\nPentru un modul de 40 de ore, taxa de \u00eenscriere este de <strong>1200 Ron + 100 Ron <\/strong>manualul \/ <strong>200 Ron<\/strong> manualul de nivel C1. (pentru cei care efectueaz\u0103 plata p\u00e2n\u0103 la 31 decembrie 2025, taxa de \u00eenscriere r\u0103m\u00e2ne 1000 RON + costul manualului)<\/p>\n<p style=\"text-align: justify;\"><strong>Modalit\u0103\u021bi de plat\u0103<\/strong>:<\/p>\n<ul style=\"text-align: justify;\">\n<li><strong>cu cardul <\/strong>exclusiv la sediul Institutului<\/li>\n<li><strong>prin transfer bancar, <\/strong>cu trimiterea dovezii de plat\u0103 la adresa de e-mail a secretariatului <a href=\"mailto:corsi.iicbucarest@esteri.it\"><strong>corsi.iicbucarest@esteri.it<\/strong><\/a>. IBAN-ul Institutului: UNICREDIT BANK<br \/>\nIBAN RO23BACX0000001694493000.<\/li>\n<\/ul>\n<hr \/>\n<p style=\"text-align: justify;\"><span style=\"color: #ff0000;\"><strong>Atestate de participare<\/strong><\/span><br \/>\nInstitutul Italian de Cultur\u0103 elibereaz\u0103, la cerere, atestate de participare la curs. Certificatul poate fi eliberat doar dac\u0103 prezen\u021ba la curs este egal\u0103 sau dep\u0103\u0219e\u0219te 70% din num\u0103rul total al orelor de curs (28 de ore pentru un curs colectiv).<\/p>\n<hr \/>\n<p><strong><span style=\"color: #ff0000;\">Ramburs\u0103ri, recuper\u0103ri \u0219i lec\u021bii pierdute<\/span><br \/>\n<\/strong>V\u0103 rug\u0103m s\u0103 accesa\u021bi pagina dedicat\u0103 <a href=\"https:\/\/iicbucarest.esteri.it\/ro\/lingua-e-cultura\/i-corsi-di-lingua\/regulamentul-cursurilor\/\">aici<\/a>.<\/p>\n<hr \/>\n<p style=\"text-align: justify;\"><span style=\"color: #ff0000;\"><strong>Date de contact\u00a0<\/strong><\/span><br \/>\n<strong>Secretariatul cursurilor <\/strong><br \/>\nE-mail: <a href=\"mailto:corsi.iicbucarest@esteri.it\">corsi.iicbucarest@esteri.it<\/a><br \/>\nTelefon: 0040.21.231.08.80\/85, int.103<\/p>\n<hr \/>\n<p style=\"text-align: justify;\"><span style=\"color: #ff0000;\"><strong>Program<\/strong><\/span><br \/>\nDe luni p\u00e2n\u0103 vineri, de la 09.00 la 17.00.<\/p>\n<hr \/>\n<h6>Data ultimei modific\u0103ri: 17 aprilie 2026, ora 15:21<\/h6>\n","protected":false},"excerpt":{"rendered":"\ud83d\udccd \u00censcrie-te acum! Calendarul cursurilor 2026 Bucure\u0219ti De la P\u00e2n\u0103 la Perioada de \u00eenscriere 26.01.2026 (\u00een timpul s\u0103pt\u0103m\u00e2nii) 24.01.2026 (intensiv weekend) 01.04.2026 28.03.2026 10.12.2025-10.01.2026 04.05.2026 (\u00een timpul s\u0103pt\u0103m\u00e2nii) 02.05.2026 (intensiv weekend) 13.07.2026 11.07.2026 10.03.2026-24.04.2026 05.10.2026 03.10.2026 09.12.2026 05.12.2026 24.08.2026-20.09.2026 Formularul de \u00eenscriere se poate completa aici. Pentru sediul din CLUJ, formularul de \u00eenscriere se poate [&hellip;]","protected":false},"author":4,"featured_media":0,"parent":111,"menu_order":2,"comment_status":"closed","ping_status":"closed","template":"","meta":{"footnotes":""},"class_list":["post-310","page","type-page","status-publish","hentry"],"_links":{"self":[{"href":"https:\/\/iicbucarest.esteri.it\/ro\/wp-json\/wp\/v2\/pages\/310","targetHints":{"allow":["GET"]}}],"collection":[{"href":"https:\/\/iicbucarest.esteri.it\/ro\/wp-json\/wp\/v2\/pages"}],"about":[{"href":"https:\/\/iicbucarest.esteri.it\/ro\/wp-json\/wp\/v2\/types\/page"}],"author":[{"embeddable":true,"href":"https:\/\/iicbucarest.esteri.it\/ro\/wp-json\/wp\/v2\/users\/4"}],"replies":[{"embeddable":true,"href":"https:\/\/iicbucarest.esteri.it\/ro\/wp-json\/wp\/v2\/comments?post=310"}],"version-history":[{"count":7,"href":"https:\/\/iicbucarest.esteri.it\/ro\/wp-json\/wp\/v2\/pages\/310\/revisions"}],"predecessor-version":[{"id":12175,"href":"https:\/\/iicbucarest.esteri.it\/ro\/wp-json\/wp\/v2\/pages\/310\/revisions\/12175"}],"up":[{"embeddable":true,"href":"https:\/\/iicbucarest.esteri.it\/ro\/wp-json\/wp\/v2\/pages\/111"}],"wp:attachment":[{"href":"https:\/\/iicbucarest.esteri.it\/ro\/wp-json\/wp\/v2\/media?parent=310"}],"curies":[{"name":"wp","href":"https:\/\/api.w.org\/{rel}","templated":true}]}}