{"id":303,"date":"2023-06-20T09:12:12","date_gmt":"2023-06-20T07:12:12","guid":{"rendered":"https:\/\/iicbucarest.esteri.it\/?page_id=303"},"modified":"2026-01-29T11:16:21","modified_gmt":"2026-01-29T10:16:21","slug":"oferta-didactica","status":"publish","type":"page","link":"https:\/\/iicbucarest.esteri.it\/ro\/lingua-e-cultura\/i-corsi-di-lingua\/oferta-didactica\/","title":{"rendered":"Oferta didactic\u0103"},"content":{"rendered":"<p style=\"text-align: justify;\">Profesorii cu care colaboreaz\u0103 Institutul Italian de Cultur\u0103 au o vast\u0103 experien\u021b\u0103 profesional\u0103 \u0219i sunt specializa\u021bi \u00een predarea limbii italiene str\u0103inilor. Abordarea pedagogic\u0103, comunicativ\u0103 \u0219i inductiv\u0103, urm\u0103re\u0219te facilitarea dezvolt\u0103rii abilit\u0103\u021bilor orale \u0219i scrise.<br \/>\nIIC din Bucure\u0219ti ofer\u0103 <strong>cursuri de italian\u0103 general\u0103<\/strong> care se adreseaz\u0103 studen\u021bilor \u0219i persoanelor pasionate de limba italian\u0103 care doresc s\u0103-\u0219i \u00eembun\u0103t\u0103\u021beasc\u0103 propriile competen\u021be lingvistice: de la \u00eencep\u0103tori la nivel avansat, propunem diferite niveluri adaptate Cadrului Comun European de Referin\u021b\u0103 pentru Limbile Str\u0103ine (<u>QCERL<\/u>).<\/p>\n<p><span style=\"color: #993366;\"><strong>Pentru a desc\u0103rca bro\u0219ura cursurilor click <a href=\"https:\/\/iicbucarest.esteri.it\/wp-content\/uploads\/2026\/01\/IIC-BUCAREST-CORSI-2425-251215-final.pdf\">aici<\/a>.<\/strong><\/span><\/p>\n<p style=\"text-align: justify;\"><strong>Zece motive pentru a alege s\u0103 studia\u021bi limba italian\u0103 la Institutul Italian de Cultur\u0103 din Bucure\u0219ti:<\/strong><\/p>\n<ol style=\"text-align: justify;\">\n<li>Institutul Italian de Cultur\u0103 din Bucure\u0219ti este o institu\u021bie oficial\u0103 a Statului italian<\/li>\n<li>Cursurile sunt \u00eemp\u0103r\u021bite \u00een conformitate cu nivelurile de certificare stabilite prin Cadrul Comun European de Referin\u021b\u0103<\/li>\n<li>Orarul cursurilor este flexibil, iar \u00eenscrierile se fac \u00een permanen\u021b\u0103<\/li>\n<li>Institutul organizeaz\u0103, la cerere, \u0219i cursuri pentru limbaje sectoriale (italiana pentru medicin\u0103, italiana juridic\u0103, italiana pentru economie)<\/li>\n<li>Institutul Italian de Cultur\u0103 din Bucure\u0219ti organizeaz\u0103 examene de certificare a cunoa\u0219terii limbii italiene \u00een colaborare cu Universit\u0103\u021bile pentru Str\u0103ini din Perugia (CELI) \u0219i Siena (CILS)<\/li>\n<li>Cursurile sunt predate de profesori rom\u00e2ni \u0219i italieni cu experien\u021b\u0103<\/li>\n<li>Ave\u021bi posibilitatea de a intra \u00een contact cu un mediu cultural dinamic<\/li>\n<li>Pute\u021bi beneficia de reduceri pentru frecventarea unor cursuri de italian\u0103 \u00een Italia<\/li>\n<li>Ave\u021bi acces gratuit la sala de lectur\u0103 \u0219i la internet<\/li>\n<li>Pute\u021bi primi informa\u021bii \u0219i invita\u021bii la manifest\u0103rile culturale organizate de Institut<\/li>\n<\/ol>\n<ul>\n<li style=\"text-align: justify;\"><strong>Modalit\u0103\u021bi: <\/strong>cu prezen\u021b\u0103 fizic\u0103 sau online<\/li>\n<\/ul>\n<p style=\"text-align: justify;\"><strong>Niveluri:<\/strong>\u00a0A1\/ A2\/ B1\/ B2\/ C1\/ C2<\/p>\n<p style=\"text-align: justify;\"><strong>Durat\u0103:<\/strong> \u00een timpul s\u0103pt\u0103m\u00e2nii &#8211; 20 \u0219edin\u021be \/ 40 ore; \u00een weekend (s\u00e2mb\u0103ta) &#8211; 10 \u0219edin\u021be \/ 40 ore<\/p>\n<p style=\"text-align: justify;\"><strong>Orar:\u00a0<\/strong>\u00een timpul s\u0103pt\u0103m\u00e2nii &#8211; 18h-20h \/ \u00een weekend (s\u00e2mb\u0103ta) &#8211; 10h -14h<\/p>\n<p style=\"text-align: justify;\"><strong>Frecven\u021b\u0103:<\/strong> \u00een timpul s\u0103pt\u0103m\u00e2nii &#8211; de dou\u0103 ori pe s\u0103pt\u0103m\u00e2n\u0103\/ \u00een weekend &#8211; o dat\u0103 pe s\u0103pt\u0103m\u00e2n\u0103<\/p>\n<p style=\"text-align: justify;\"><strong>Tarif (\u00eencep\u00e2nd de la 1 ianuarie 2026):<\/strong> A1\/A2\/B1\/B2\/C1\/C2: <strong>1200 RON <\/strong>(f\u0103r\u0103 manual) sau<strong> 1300 RON<\/strong> (cu manual) \/ <strong>1400 RON<\/strong> (cu manual C1)<strong><br \/>\n<\/strong><\/p>\n<p style=\"text-align: justify;\"><strong>Cursurile vor fi activate cu un num\u0103r minim de 10 participan\u021bi.<\/strong><\/p>\n<p>&nbsp;<\/p>\n<table width=\"100%\">\n<tbody>\n<tr>\n<td width=\"19%\"><strong>Curs<\/strong><\/td>\n<td width=\"19%\"><strong>Certificare<br \/>\n<\/strong><\/td>\n<td width=\"28%\"><strong>Durat\u0103<\/strong><\/td>\n<td width=\"18%\"><strong>Codul cursului<br \/>\n<\/strong><\/td>\n<td width=\"13%\"><strong>Tarif<\/strong><\/td>\n<\/tr>\n<tr>\n<td width=\"19%\">Nivelul A1<\/td>\n<td width=\"19%\"><strong>A1<\/strong><\/td>\n<td width=\"28%\">40 ore cursuri \u00een timpul s\u0103pt\u0103m\u00e2nii<br \/>\nsau \u00een weekend<\/td>\n<td width=\"18%\"><strong>A1<\/strong><\/td>\n<td width=\"13%\"><strong>1200 RON<\/strong><\/td>\n<\/tr>\n<tr>\n<td width=\"19%\">Nivelul A2<\/td>\n<td width=\"19%\">\u00a0<strong>A2<\/strong><\/td>\n<td width=\"28%\">40 ore cursuri \u00een timpul s\u0103pt\u0103m\u00e2nii<br \/>\nsau \u00een weekend<\/td>\n<td width=\"18%\"><strong>A2<\/strong><\/td>\n<td width=\"13%\"><strong>1200 RON<\/strong><\/td>\n<\/tr>\n<tr>\n<td width=\"19%\">Nivelul B1<\/td>\n<td width=\"19%\"><strong>B1<\/strong><\/td>\n<td width=\"28%\">40 ore cursuri \u00een timpul s\u0103pt\u0103m\u00e2nii<br \/>\nsau \u00een weekend<\/td>\n<td width=\"18%\"><strong>B1<\/strong><\/td>\n<td width=\"13%\"><strong>1200 RON<\/strong><\/td>\n<\/tr>\n<tr>\n<td width=\"19%\">Nivelul B2<\/td>\n<td width=\"19%\"><strong>B2<\/strong><\/td>\n<td width=\"28%\">40 ore cursuri \u00een timpul s\u0103pt\u0103m\u00e2nii<br \/>\nsau \u00een weekend<\/td>\n<td width=\"18%\"><strong>B2<\/strong><\/td>\n<td width=\"13%\"><strong>1200 RON<\/strong><\/td>\n<\/tr>\n<tr>\n<td width=\"19%\">Nivelul C1<\/td>\n<td width=\"19%\">\u00a0<strong>C1<\/strong><\/td>\n<td width=\"28%\">40 ore cursuri \u00een timpul s\u0103pt\u0103m\u00e2nii<br \/>\nsau \u00een weekend<\/td>\n<td width=\"18%\"><strong>C1<\/strong><\/td>\n<td width=\"13%\"><strong>1200 RON<\/strong><\/td>\n<\/tr>\n<tr>\n<td width=\"19%\">Nivelul C2<\/td>\n<td width=\"19%\"><strong>C2<\/strong><\/td>\n<td width=\"28%\">40 ore cursuri \u00een timpul s\u0103pt\u0103m\u00e2nii<br \/>\nsau \u00een weekend<\/td>\n<td width=\"18%\"><strong>C2<\/strong><\/td>\n<td width=\"13%\"><strong>1200 RON<\/strong><\/td>\n<\/tr>\n<\/tbody>\n<\/table>\n<p>&nbsp;<\/p>\n<ul>\n<li><strong>Modalit\u0103\u021bi: <\/strong>lec\u021bii private sau semi-private, cu prezen\u021b\u0103 fizic\u0103 sau online<\/li>\n<\/ul>\n<p><strong>Niveluri:<\/strong>\u00a0A1\/ A2\/ B1\/ B2\/ C1\/ C2<\/p>\n<p><strong>Tarif (<span style=\"text-decoration: underline;\">\u00eencep\u00e2nd din ianuarie 2026<\/span>)<\/strong>:<\/p>\n<p><strong>Lec\u021bii private <\/strong>(o persoan\u0103)<br \/>\n10 lec\u021bii (zece ore) &#8211; <strong>1.700 RON<\/strong><br \/>\n20 lec\u021bii (dou\u0103zeci de ore) &#8211; <strong>2.900 RON<\/strong><\/p>\n<p><strong>Lec\u021bii semi-private<\/strong> (2-4 persoane)<br \/>\n10 lec\u021bii (zece ore) &#8211;<strong> 1.100 RON\/pers.<\/strong><br \/>\n20 lec\u021bii (dou\u0103zeci de ore) &#8211; <strong>1.900 RON\/pers.<\/strong><\/p>\n<p>&nbsp;<\/p>\n<p>Ultima actualizare: 29 ianuarie 2026<\/p>\n","protected":false},"excerpt":{"rendered":"Profesorii cu care colaboreaz\u0103 Institutul Italian de Cultur\u0103 au o vast\u0103 experien\u021b\u0103 profesional\u0103 \u0219i sunt specializa\u021bi \u00een predarea limbii italiene str\u0103inilor. Abordarea pedagogic\u0103, comunicativ\u0103 \u0219i inductiv\u0103, urm\u0103re\u0219te facilitarea dezvolt\u0103rii abilit\u0103\u021bilor orale \u0219i scrise. IIC din Bucure\u0219ti ofer\u0103 cursuri de italian\u0103 general\u0103 care se adreseaz\u0103 studen\u021bilor \u0219i persoanelor pasionate de limba italian\u0103 care doresc s\u0103-\u0219i \u00eembun\u0103t\u0103\u021beasc\u0103 [&hellip;]","protected":false},"author":4,"featured_media":10958,"parent":111,"menu_order":1,"comment_status":"closed","ping_status":"closed","template":"","meta":{"footnotes":""},"class_list":["post-303","page","type-page","status-publish","has-post-thumbnail","hentry"],"_links":{"self":[{"href":"https:\/\/iicbucarest.esteri.it\/ro\/wp-json\/wp\/v2\/pages\/303","targetHints":{"allow":["GET"]}}],"collection":[{"href":"https:\/\/iicbucarest.esteri.it\/ro\/wp-json\/wp\/v2\/pages"}],"about":[{"href":"https:\/\/iicbucarest.esteri.it\/ro\/wp-json\/wp\/v2\/types\/page"}],"author":[{"embeddable":true,"href":"https:\/\/iicbucarest.esteri.it\/ro\/wp-json\/wp\/v2\/users\/4"}],"replies":[{"embeddable":true,"href":"https:\/\/iicbucarest.esteri.it\/ro\/wp-json\/wp\/v2\/comments?post=303"}],"version-history":[{"count":6,"href":"https:\/\/iicbucarest.esteri.it\/ro\/wp-json\/wp\/v2\/pages\/303\/revisions"}],"predecessor-version":[{"id":11198,"href":"https:\/\/iicbucarest.esteri.it\/ro\/wp-json\/wp\/v2\/pages\/303\/revisions\/11198"}],"up":[{"embeddable":true,"href":"https:\/\/iicbucarest.esteri.it\/ro\/wp-json\/wp\/v2\/pages\/111"}],"wp:featuredmedia":[{"embeddable":true,"href":"https:\/\/iicbucarest.esteri.it\/ro\/wp-json\/wp\/v2\/media\/10958"}],"wp:attachment":[{"href":"https:\/\/iicbucarest.esteri.it\/ro\/wp-json\/wp\/v2\/media?parent=303"}],"curies":[{"name":"wp","href":"https:\/\/api.w.org\/{rel}","templated":true}]}}