{"id":123,"date":"2023-04-03T20:56:47","date_gmt":"2023-04-03T18:56:47","guid":{"rendered":"https:\/\/iicbucarest.esteri.it\/lingua-e-cultura\/biblioteca\/"},"modified":"2023-06-20T11:31:51","modified_gmt":"2023-06-20T09:31:51","slug":"biblioteca","status":"publish","type":"page","link":"https:\/\/iicbucarest.esteri.it\/ro\/lingua-e-cultura\/biblioteca\/","title":{"rendered":"Bibliotec\u0103"},"content":{"rendered":"<p style=\"text-align: justify;\"><strong><img loading=\"lazy\" decoding=\"async\" class=\"alignnone size-full wp-image-272 img-fluid\" src=\"https:\/\/iicbucarest.esteri.it\/wp-content\/uploads\/2023\/05\/bibl.jpg\" alt=\"\" width=\"1139\" height=\"218\" srcset=\"https:\/\/iicbucarest.esteri.it\/wp-content\/uploads\/2023\/05\/bibl.jpg 1139w, https:\/\/iicbucarest.esteri.it\/wp-content\/uploads\/2023\/05\/bibl-300x57.jpg 300w, https:\/\/iicbucarest.esteri.it\/wp-content\/uploads\/2023\/05\/bibl-1024x196.jpg 1024w, https:\/\/iicbucarest.esteri.it\/wp-content\/uploads\/2023\/05\/bibl-768x147.jpg 768w\" sizes=\"auto, (max-width: 1139px) 100vw, 1139px\" \/><\/strong><\/p>\n<p style=\"text-align: justify;\">Institutul Italian de Cultur\u0103 din Bucure\u015fti dispune de o bibliotec\u0103 informatizat\u0103 ce con\u0163ine \u00een jur de 12.000 de titluri. Sala de lectur\u0103 dispune de 10 locuri.<br \/>\nActualizarea bibliotecii se face prin achizi\u0163ia publica\u0163iilor recente, dona\u0163ii din partea Ministerului Afacerilor Externe \u015fi Ministerului Culturii ale Italiei, precum \u015fi prin dona\u0163ii de la edituri \u015fi persoane particulare.<br \/>\nDocumentele necesare \u00eenscrierii sunt: un document de identitate valabil, legitima\u0163ia provizorie sau pa\u015faportul \u015fi o poz\u0103 tip buletin sau pa\u015faport.<br \/>\nTaxa general\u0103 anual\u0103 de \u00eenscriere este de <strong>30,00\u00a0RON<\/strong>.<br \/>\nPentru elevi, studen\u0163i, pensionari \u015fi profesori de limba italian\u0103 taxa de \u00eenscriere este de <strong>20,00 RON.<\/strong><\/p>\n<ul style=\"text-align: justify;\">\n<li>Legitima\u0163ia nu este transmisibil\u0103, aceasta trebuind s\u0103 fie prezentat\u0103 la\u00a0cererea personalului.<\/li>\n<li>V\u00e2rsta minim\u0103 pentru \u00eenscriere este 14 ani.<\/li>\n<li>Se pot \u00eemprumuta c\u00e2te dou\u0103 c\u0103r\u0163i, durata \u00eemprumutului fiind de 21 zile, cu posibilitatea prelungirii pentru alte 14 zile. Prelungirea perioadei de \u00eemprumut se poate face \u015fi telefonic sau prin e-mail.<\/li>\n<li>Studen\u0163ii \u00eenscri\u015fi la cursurile de limb\u0103 \u015fi cultur\u0103 italian\u0103 din cadrul Institutului beneficiaz\u0103 de intrare gratuit\u0103 la sala de lectur\u0103.<\/li>\n<\/ul>\n<table class=\"table\" border=\"1\" summary=\"\" frame=\"box\" rules=\"all\" cellspacing=\"2\" cellpadding=\"2\">\n<tbody>\n<tr align=\"center\">\n<td><\/td>\n<td>\u00a0<strong>Diminea\u021ba<\/strong><\/td>\n<td>\u00a0<strong>Dup\u0103-amiaza<br \/>\n<\/strong><\/td>\n<\/tr>\n<tr align=\"center\">\n<td>\u00a0Luni<\/td>\n<td>10:00-13:00<\/td>\n<td>14:00-16:30<\/td>\n<\/tr>\n<tr align=\"center\">\n<td>\u00a0Mar\u021bi<\/td>\n<td>10:00-13:00<\/td>\n<td>14:00-16:30<\/td>\n<\/tr>\n<tr align=\"center\">\n<td>\u00a0Miercuri<\/td>\n<td>10:00-13:00<\/td>\n<td>14:00-16:30<\/td>\n<\/tr>\n<tr align=\"center\">\n<td>\u00a0Joi<\/td>\n<td>10:00-13:00<\/td>\n<td>14:00-16:30<\/td>\n<\/tr>\n<tr align=\"center\">\n<td>\u00a0Vineri<\/td>\n<td>10:00-13:00<\/td>\n<td>14:00-16:30<\/td>\n<\/tr>\n<\/tbody>\n<\/table>\n<p style=\"text-align: justify;\"><strong><a href=\"http:\/\/clmr.infoteca.it\/bw5ne2\/opac.aspx?web=ICBU&amp;SRC=SBAS\">Acces la catalogul on line<\/a><br \/>\n<span class=\"titoloRosso\"><a class=\"titoloRosso\" href=\"http:\/\/www.bibliowin.it\/iic\/icbu\/homepage.htm\"><br \/>\n<\/a><\/span><\/strong><\/p>\n<p style=\"text-align: justify;\"><strong>MLOL BIBLIOTECA DIGITAL\u0102<br \/>\n<\/strong><br \/>\n<img loading=\"lazy\" decoding=\"async\" class=\"size-medium wp-image-157 img-fluid alignleft\" src=\"https:\/\/iicbucarest.esteri.it\/wp-content\/uploads\/2023\/05\/MLOL-300x169.jpg\" alt=\"\" width=\"300\" height=\"169\" srcset=\"https:\/\/iicbucarest.esteri.it\/wp-content\/uploads\/2023\/05\/MLOL-300x169.jpg 300w, https:\/\/iicbucarest.esteri.it\/wp-content\/uploads\/2023\/05\/MLOL.jpg 512w\" sizes=\"auto, (max-width: 300px) 100vw, 300px\" \/><br \/>\nInstitutul Italian de Cultur\u0103 din Bucure\u0219ti a activat serviciul de Bibliotec\u0103 digital\u0103 MLOL, prima \u0219i principala bibliotec\u0103 digital\u0103 italian\u0103, accesibil\u0103 24 de ore din 24, 7 zile din 7.<br \/>\nCatalogul este \u00eemp\u0103r\u021bit \u00eentre <strong>Resurse Open<\/strong>, care cuprinde o colec\u021bie de ebooks, audiobooks, partituri, resurse audio \u0219i video, e-learning, h\u0103r\u021bi \u0219i multe altele, toate sub licen\u021b\u0103 deschis\u0103 \u0219i <strong>Resurse MLOL<\/strong>, unde sunt incluse titluri comerciale, inclusiv ebooks de la mari edituri italiene \u0219i grupuri editoriale, audiobooks \u0219i o sec\u021biune cu ziare \u0219i periodice din \u00eentreaga lume.<br \/>\n\u00cemprumuturile pentru <strong>Resursele Open<\/strong> nu au limit\u0103ri, \u00een timp ce pentru <strong>Resursele MLOL<\/strong> fiecare utilizator are dreptul la 2 \u00eemprumuturi de ebooks pe lun\u0103 (fiecare carte electronic\u0103 r\u0103m\u00e2ne disponibil\u0103 timp de 14 zile) \u0219i o carte audio pe lun\u0103 (fiecare carte audio r\u0103m\u00e2ne disponibil\u0103 timp de 28 zile).<br \/>\nPentru a \u00eencepe s\u0103 utiliza\u021bi platforma trebuie s\u0103 v\u0103 \u00eenregistra\u021bi prin <a href=\"https:\/\/forms.gle\/cxShF7R68oofEpJD6\">formularul online<\/a>.<br \/>\n<strong>Costul abonamentului anual este de 100 lei. <\/strong>Urm\u0103toarele categorii pot beneficia de o <strong>reducere de 50%<\/strong>: profesori de limba italian\u0103, studen\u021bi, cursan\u021bi ai cursurilor de limba italian\u0103 organizate de IIC \u0219i pensionari.<\/p>\n<p style=\"text-align: justify;\"><strong><a href=\"https:\/\/forms.gle\/cxShF7R68oofEpJD6\">Formular de \u00eenscriere<\/a> \u00a0\u00a0 \u00a0\u00a0 \u00a0<a href=\"https:\/\/www.medialibrary.it\/pagine\/pagina.aspx?id=882\">\u00a0Ghid de utilizare<\/a>\u00a0<\/strong><\/p>\n","protected":false},"excerpt":{"rendered":"Institutul Italian de Cultur\u0103 din Bucure\u015fti dispune de o bibliotec\u0103 informatizat\u0103 ce con\u0163ine \u00een jur de 12.000 de titluri. Sala de lectur\u0103 dispune de 10 locuri. Actualizarea bibliotecii se face prin achizi\u0163ia publica\u0163iilor recente, dona\u0163ii din partea Ministerului Afacerilor Externe \u015fi Ministerului Culturii ale Italiei, precum \u015fi prin dona\u0163ii de la edituri \u015fi persoane particulare. [&hellip;]","protected":false},"author":1,"featured_media":0,"parent":79,"menu_order":10,"comment_status":"closed","ping_status":"closed","template":"","meta":{"footnotes":""},"class_list":["post-123","page","type-page","status-publish","hentry"],"_links":{"self":[{"href":"https:\/\/iicbucarest.esteri.it\/ro\/wp-json\/wp\/v2\/pages\/123","targetHints":{"allow":["GET"]}}],"collection":[{"href":"https:\/\/iicbucarest.esteri.it\/ro\/wp-json\/wp\/v2\/pages"}],"about":[{"href":"https:\/\/iicbucarest.esteri.it\/ro\/wp-json\/wp\/v2\/types\/page"}],"author":[{"embeddable":true,"href":"https:\/\/iicbucarest.esteri.it\/ro\/wp-json\/wp\/v2\/users\/1"}],"replies":[{"embeddable":true,"href":"https:\/\/iicbucarest.esteri.it\/ro\/wp-json\/wp\/v2\/comments?post=123"}],"version-history":[{"count":0,"href":"https:\/\/iicbucarest.esteri.it\/ro\/wp-json\/wp\/v2\/pages\/123\/revisions"}],"up":[{"embeddable":true,"href":"https:\/\/iicbucarest.esteri.it\/ro\/wp-json\/wp\/v2\/pages\/79"}],"wp:attachment":[{"href":"https:\/\/iicbucarest.esteri.it\/ro\/wp-json\/wp\/v2\/media?parent=123"}],"curies":[{"name":"wp","href":"https:\/\/api.w.org\/{rel}","templated":true}]}}