{"id":114,"date":"2023-04-03T20:56:23","date_gmt":"2023-04-03T18:56:23","guid":{"rendered":"https:\/\/iicbucarest.esteri.it\/lingua-e-cultura\/studiare-in-italia\/"},"modified":"2023-05-30T17:46:39","modified_gmt":"2023-05-30T15:46:39","slug":"studiare-in-italia","status":"publish","type":"page","link":"https:\/\/iicbucarest.esteri.it\/ro\/lingua-e-cultura\/studiare-in-italia\/","title":{"rendered":"Studiaz\u0103 \u00een Italia"},"content":{"rendered":"<p><strong>UNIVERSIT\u0102\u021aI<\/strong><\/p>\n<p>\u0218tiri generale despre organizarea \u0219i func\u021bionarea Universit\u0103\u021bilor italiene se g\u0103sesc \u00een sec\u021biunea site-ului <a href=\"https:\/\/www.miur.gov.it\/\"><strong>Ministero dell\u2019Istruzione dell\u2019Universit\u00e0 e della Ricerca (MIUR)<\/strong><\/a> \u0219i pe pagina <strong><a href=\"https:\/\/www.universitaly.it\/index.php\/\">Universitaly<\/a><\/strong>.<\/p>\n<p><strong>Care \u0219i c\u00e2te sunt<\/strong><\/p>\n<p>Listele complete ale Facult\u0103\u021bilor pot fi consultate prin:<\/p>\n<ul>\n<li><a title=\"Clicca per avviare il motore di ricerca CINECA\" href=\"http:\/\/cercauniversita.cineca.it\/index.php?module=strutture&amp;page=StructureSearchParams&amp;advanced_serch=1\"><strong>Motorul de c\u0103utare al MIUR<\/strong><\/a><\/li>\n<li><a title=\"Vai al sito della CRUI\" href=\"http:\/\/www.crui.it\/\"><strong>Pagina dedicat\u0103 a CRUI (Conferenza dei Rettori delle Universit\u00e0 Italiane)<\/strong><\/a><\/li>\n<\/ul>\n<p><strong>\u00censcrieri pentru studen\u021bii str\u0103ini<br \/>\n<\/strong><\/p>\n<p>Studen\u021bii strpini care doresc s\u0103 studieze \u00een cadrul Universit\u0103\u021bilor Italiene pot g\u0103si informa\u021bii utile despre locurile rezervate lor \u00een sec\u021biunea dedicat\u0103 a site-ului <a href=\"https:\/\/www.miur.gov.it\/\"><strong>MIUR<\/strong><\/a>.<\/p>\n<p>&nbsp;<\/p>\n<p><strong>\u0218COLI<\/strong><\/p>\n<p>Informa\u021bii generale despre sistemul \u0219colar italian \u0219i informa\u021bii utile pot fi g\u0103site \u00een sec\u021biunea site-ului <a href=\"https:\/\/www.miur.gov.it\/\"><strong>Ministero dell\u2019Istruzione dell\u2019Universit\u00e0 e della Ricerca (MIUR)<\/strong><\/a>.<\/p>\n<p><strong>Care \u0219i c\u00e2te sunt<\/strong><\/p>\n<p>Lista complet\u0103 a \u0219colilor de orice fel \u0219i grad poate fi consultat\u0103 prin urm\u0103toarele motoare de c\u0103utare:<\/p>\n<ul>\n<li><a title=\"Vai all'archivio delle scuole statali\" href=\"http:\/\/archivio.pubblica.istruzione.it\/anagrafica_scuole\/statali.shtml\"><strong>\u0218coli de Stat <\/strong><\/a><\/li>\n<\/ul>\n<p><strong>STUDII UNIVERSITARE DE ART\u0102 \u0218I MUZIC\u0102<br \/>\n<\/strong><\/p>\n<ul>\n<li><a title=\"Vai alla lista sul sito del MIUR\" href=\"http:\/\/www.miur.it\/0004Alta_F\/0027Istitu\/index_cf4.htm\"><strong>Lista complet\u0103 a academiilor, conservatoarelor \u0219i a Institutelor Superioare de Formare Artistic\u0103 \u0219i Muzical\u0103<\/strong><\/a><\/li>\n<\/ul>\n<p><strong>DEVENI\u021ai PROFESORI DE ITALIAN\u0102 CA LIMB\u0102 STR\u0102IN\u0102<\/strong><\/p>\n<ul>\n<li><a title=\"Vai al sito web del progetto ITALS\" href=\"http:\/\/venus.unive.it\/italslab\/index.php\"><strong>Proiectul ITALS<\/strong><\/a> \u2013 Departamentul de \u0218tiin\u021be ale Limbajului din cadrul Universit\u0103\u021bii Ca\u2019 Foscari din Vene\u021bia<\/li>\n<li><a title=\"Vai al sito web del DITALS\" href=\"http:\/\/ditals.com\/\"><strong>DITALS<\/strong><\/a> \u2013 Certificarea competen\u021belor de predare a limbii italiene pentru str\u0103ini \u2013 Universitatea pentru Str\u0103ini din Siena<\/li>\n<li><a href=\"https:\/\/www.unistrapg.it\/it\/studiare-alla-stranieri\/corsi-di-laurea-e-laurea-magistrale\/italiano-l-insegnamento-stranieri-itas\"><strong>Licen\u021b\u0103 \u00een predarea limbii \u0219i culturii italiene pentru str\u0103ini <\/strong><\/a>\u2013 Universitatea pentru Str\u0103ini din Perugia<\/li>\n<\/ul>\n","protected":false},"excerpt":{"rendered":"UNIVERSIT\u0102\u021aI \u0218tiri generale despre organizarea \u0219i func\u021bionarea Universit\u0103\u021bilor italiene se g\u0103sesc \u00een sec\u021biunea site-ului Ministero dell\u2019Istruzione dell\u2019Universit\u00e0 e della Ricerca (MIUR) \u0219i pe pagina Universitaly. Care \u0219i c\u00e2te sunt Listele complete ale Facult\u0103\u021bilor pot fi consultate prin: Motorul de c\u0103utare al MIUR Pagina dedicat\u0103 a CRUI (Conferenza dei Rettori delle Universit\u00e0 Italiane) \u00censcrieri pentru studen\u021bii [&hellip;]","protected":false},"author":1,"featured_media":0,"parent":79,"menu_order":8,"comment_status":"closed","ping_status":"closed","template":"","meta":{"footnotes":""},"class_list":["post-114","page","type-page","status-publish","hentry"],"_links":{"self":[{"href":"https:\/\/iicbucarest.esteri.it\/ro\/wp-json\/wp\/v2\/pages\/114","targetHints":{"allow":["GET"]}}],"collection":[{"href":"https:\/\/iicbucarest.esteri.it\/ro\/wp-json\/wp\/v2\/pages"}],"about":[{"href":"https:\/\/iicbucarest.esteri.it\/ro\/wp-json\/wp\/v2\/types\/page"}],"author":[{"embeddable":true,"href":"https:\/\/iicbucarest.esteri.it\/ro\/wp-json\/wp\/v2\/users\/1"}],"replies":[{"embeddable":true,"href":"https:\/\/iicbucarest.esteri.it\/ro\/wp-json\/wp\/v2\/comments?post=114"}],"version-history":[{"count":0,"href":"https:\/\/iicbucarest.esteri.it\/ro\/wp-json\/wp\/v2\/pages\/114\/revisions"}],"up":[{"embeddable":true,"href":"https:\/\/iicbucarest.esteri.it\/ro\/wp-json\/wp\/v2\/pages\/79"}],"wp:attachment":[{"href":"https:\/\/iicbucarest.esteri.it\/ro\/wp-json\/wp\/v2\/media?parent=114"}],"curies":[{"name":"wp","href":"https:\/\/api.w.org\/{rel}","templated":true}]}}