{"id":113,"date":"2023-04-03T20:56:11","date_gmt":"2023-04-03T18:56:11","guid":{"rendered":"https:\/\/iicbucarest.esteri.it\/lingua-e-cultura\/certificazioni\/"},"modified":"2023-06-21T09:29:36","modified_gmt":"2023-06-21T07:29:36","slug":"certificazioni","status":"publish","type":"page","link":"https:\/\/iicbucarest.esteri.it\/ro\/lingua-e-cultura\/certificazioni\/","title":{"rendered":"Certific\u0103ri"},"content":{"rendered":"<div>\n<p><strong>Certificarea cuno\u0219tin\u021belor de italian\u0103 CILS \u0219i CELI<\/strong><\/p>\n<p><em>Studiezi italiana \u0219i vrei s\u0103-\u021bi testezi nivelul?<\/em><\/p>\n<p>Institutul Italian de Cultur\u0103 ofer\u0103 posibilitatea sus\u021binerii examenului CILS (Certificarea Limbii Italiene ca Limb\u0103 Str\u0103in\u0103) \u0219i a examenului CELI (Certificate de Limba Italian\u0103). Certific\u0103rile CILS \u0219i CELI atest\u0103 nivelul de competen\u021b\u0103 lingvistic\u0103 \u0219i comunicativ\u0103 \u00een italian\u0103 ca L2. CILS a fost proiectat\u0103 \u0219i realizat\u0103 \u00een cadrul centrului de cercetare al Universit\u0103\u021bii pentru str\u0103ini din Siena, \u00een timp ce CELI este realizat\u0103 de Universitatea pentru str\u0103ini din Perugia, ambele fiind certific\u0103ri recunoscute de Ministerul Afacerilor Externe al Italiei.<\/p>\n<p>&gt; <a href=\"https:\/\/iicbucarest.esteri.it\/ro\/lingua-e-cultura\/certificazioni\/cils\/\">Acceseaz\u0103 pagina CILS<\/a><\/p>\n<p>&gt;\u00a0<a href=\"https:\/\/iicbucarest.esteri.it\/ro\/lingua-e-cultura\/certificazioni\/celi\/\">Acceseaz\u0103 pagina CELI<\/a><\/p>\n<p><strong>Certificarea DITALS<\/strong><\/p>\n<p><em>Vrei s\u0103 predai limba italian\u0103 str\u0103inilor?<\/em><\/p>\n<p>La Institutul Italian de Cultur\u0103 din Bucure\u0219ti se poate sus\u021bine examenul DITALS (Certificarea Competen\u021bei \u00een Predarea Limbii Italiene Str\u0103inilor). Certificarea DITALS atest\u0103 \u00eensu\u0219irea competen\u021belor teoretice \u0219i practice necesare pentru a preda limba italian\u0103 str\u0103inilor. DITALS a fost realizat\u0103 \u00een cadrul Centrului de Cercetare \u0219i Servicii DITALS de la Universitatea pentru str\u0103ini din Siena, fondat \u00een 2005.<\/p>\n<p>&gt;\u00a0<a href=\"https:\/\/iicbucarest.esteri.it\/ro\/lingua-e-cultura\/certificazioni\/ditals\/\">Acceseaz\u0103 pagina DITALS<\/a><\/p>\n<\/div>\n","protected":false},"excerpt":{"rendered":"Certificarea cuno\u0219tin\u021belor de italian\u0103 CILS \u0219i CELI Studiezi italiana \u0219i vrei s\u0103-\u021bi testezi nivelul? Institutul Italian de Cultur\u0103 ofer\u0103 posibilitatea sus\u021binerii examenului CILS (Certificarea Limbii Italiene ca Limb\u0103 Str\u0103in\u0103) \u0219i a examenului CELI (Certificate de Limba Italian\u0103). Certific\u0103rile CILS \u0219i CELI atest\u0103 nivelul de competen\u021b\u0103 lingvistic\u0103 \u0219i comunicativ\u0103 \u00een italian\u0103 ca L2. CILS a fost [&hellip;]","protected":false},"author":1,"featured_media":0,"parent":79,"menu_order":4,"comment_status":"closed","ping_status":"closed","template":"","meta":{"footnotes":""},"class_list":["post-113","page","type-page","status-publish","hentry"],"_links":{"self":[{"href":"https:\/\/iicbucarest.esteri.it\/ro\/wp-json\/wp\/v2\/pages\/113","targetHints":{"allow":["GET"]}}],"collection":[{"href":"https:\/\/iicbucarest.esteri.it\/ro\/wp-json\/wp\/v2\/pages"}],"about":[{"href":"https:\/\/iicbucarest.esteri.it\/ro\/wp-json\/wp\/v2\/types\/page"}],"author":[{"embeddable":true,"href":"https:\/\/iicbucarest.esteri.it\/ro\/wp-json\/wp\/v2\/users\/1"}],"replies":[{"embeddable":true,"href":"https:\/\/iicbucarest.esteri.it\/ro\/wp-json\/wp\/v2\/comments?post=113"}],"version-history":[{"count":0,"href":"https:\/\/iicbucarest.esteri.it\/ro\/wp-json\/wp\/v2\/pages\/113\/revisions"}],"up":[{"embeddable":true,"href":"https:\/\/iicbucarest.esteri.it\/ro\/wp-json\/wp\/v2\/pages\/79"}],"wp:attachment":[{"href":"https:\/\/iicbucarest.esteri.it\/ro\/wp-json\/wp\/v2\/media?parent=113"}],"curies":[{"name":"wp","href":"https:\/\/api.w.org\/{rel}","templated":true}]}}