{"id":112,"date":"2023-04-03T20:55:55","date_gmt":"2023-04-03T18:55:55","guid":{"rendered":"https:\/\/iicbucarest.esteri.it\/lingua-e-cultura\/borse-di-studio\/"},"modified":"2026-03-10T13:52:12","modified_gmt":"2026-03-10T12:52:12","slug":"borse-di-studio","status":"publish","type":"page","link":"https:\/\/iicbucarest.esteri.it\/ro\/lingua-e-cultura\/borse-di-studio\/","title":{"rendered":"Burse de studiu"},"content":{"rendered":"<p>Pentru burse de studiu v\u0103 rug\u0103m s\u0103 consulta\u021bi site-ul Ambasadei Italiei \u00een Rom\u00e2nia: <a href=\"https:\/\/ambbucarest.esteri.it\/it\/italia-e-romania\/diplomazia-culturale\/studiare-in-italia\/\">https:\/\/ambbucarest.esteri.it\/it\/italia-e-romania\/diplomazia-culturale\/studiare-in-italia\/<\/a><\/p>\n","protected":false},"excerpt":{"rendered":"Pentru burse de studiu v\u0103 rug\u0103m s\u0103 consulta\u021bi site-ul Ambasadei Italiei \u00een Rom\u00e2nia: https:\/\/ambbucarest.esteri.it\/it\/italia-e-romania\/diplomazia-culturale\/studiare-in-italia\/","protected":false},"author":1,"featured_media":0,"parent":79,"menu_order":2,"comment_status":"closed","ping_status":"closed","template":"","meta":{"footnotes":""},"class_list":["post-112","page","type-page","status-publish","hentry"],"_links":{"self":[{"href":"https:\/\/iicbucarest.esteri.it\/ro\/wp-json\/wp\/v2\/pages\/112","targetHints":{"allow":["GET"]}}],"collection":[{"href":"https:\/\/iicbucarest.esteri.it\/ro\/wp-json\/wp\/v2\/pages"}],"about":[{"href":"https:\/\/iicbucarest.esteri.it\/ro\/wp-json\/wp\/v2\/types\/page"}],"author":[{"embeddable":true,"href":"https:\/\/iicbucarest.esteri.it\/ro\/wp-json\/wp\/v2\/users\/1"}],"replies":[{"embeddable":true,"href":"https:\/\/iicbucarest.esteri.it\/ro\/wp-json\/wp\/v2\/comments?post=112"}],"version-history":[{"count":1,"href":"https:\/\/iicbucarest.esteri.it\/ro\/wp-json\/wp\/v2\/pages\/112\/revisions"}],"predecessor-version":[{"id":11670,"href":"https:\/\/iicbucarest.esteri.it\/ro\/wp-json\/wp\/v2\/pages\/112\/revisions\/11670"}],"up":[{"embeddable":true,"href":"https:\/\/iicbucarest.esteri.it\/ro\/wp-json\/wp\/v2\/pages\/79"}],"wp:attachment":[{"href":"https:\/\/iicbucarest.esteri.it\/ro\/wp-json\/wp\/v2\/media?parent=112"}],"curies":[{"name":"wp","href":"https:\/\/api.w.org\/{rel}","templated":true}]}}