{"id":111,"date":"2023-04-03T20:55:37","date_gmt":"2023-04-03T18:55:37","guid":{"rendered":"https:\/\/iicbucarest.esteri.it\/lingua-e-cultura\/i-corsi-di-lingua\/"},"modified":"2023-06-20T11:53:57","modified_gmt":"2023-06-20T09:53:57","slug":"i-corsi-di-lingua","status":"publish","type":"page","link":"https:\/\/iicbucarest.esteri.it\/ro\/lingua-e-cultura\/i-corsi-di-lingua\/","title":{"rendered":"Cursuri de limb\u0103"},"content":{"rendered":"<div>\n<p style=\"text-align: justify;\">\u00cen ceea ce prive\u0219te <a href=\"https:\/\/iicbucarest.esteri.it\/ro\/lingua-e-cultura\/i-corsi-di-lingua\/oferta-didactica\/\"><strong><u>Oferta didactic\u0103<\/u><\/strong><\/a>, Institutul propune cursuri de italian\u0103 general\u0103, \u00een timpul s\u0103pt\u0103m\u00e2nii (extensive) \u0219i \u00een weekend (intensive), organizate \u00een permanen\u021b\u0103, pe m\u0103sur\u0103 ce se formeaz\u0103 grupe de cel pu\u021bin 10 persoane.<\/p>\n<p style=\"text-align: justify;\">\u00cen sec\u021biunea <a href=\"https:\/\/iicbucarest.esteri.it\/ro\/lingua-e-cultura\/i-corsi-di-lingua\/modalitati-de-inscriere\/\"><strong><u>Modalit\u0103\u021bi de \u00eenscriere<\/u> <\/strong><\/a>sunt indicate urm\u0103toarele informa\u021bii: perioada de \u00eenscriere, testul de evaluare \u00een baza c\u0103ruia pute\u021bi afla ce nivel de cuno\u0219tin\u021be de italian\u0103 ave\u021bi, tarifele \u0219i modalit\u0103\u021bile de plat\u0103, ramburs\u0103rile \u0219i drepturile rezervate Institutului, atestatele de participare, datele de contact \u0219i orarul.<\/p>\n<p style=\"text-align: justify;\">\u00cen sf\u00e2r\u0219it, \u00een sec\u021biunea <a href=\"https:\/\/iicbucarest.esteri.it\/ro\/lingua-e-cultura\/i-corsi-di-lingua\/metode-si-niveluri\/\"><strong><u>Metode \u0219i niveluri <\/u><\/strong><\/a>sunt detaliate metodele didactice adoptate \u0219i sunt explicate nivelurile cursurilor noastre conform Cadrului Comun de Referin\u021b\u0103 European (QCER).<\/p>\n<\/div>\n","protected":false},"excerpt":{"rendered":"\u00cen ceea ce prive\u0219te Oferta didactic\u0103, Institutul propune cursuri de italian\u0103 general\u0103, \u00een timpul s\u0103pt\u0103m\u00e2nii (extensive) \u0219i \u00een weekend (intensive), organizate \u00een permanen\u021b\u0103, pe m\u0103sur\u0103 ce se formeaz\u0103 grupe de cel pu\u021bin 10 persoane. \u00cen sec\u021biunea Modalit\u0103\u021bi de \u00eenscriere sunt indicate urm\u0103toarele informa\u021bii: perioada de \u00eenscriere, testul de evaluare \u00een baza c\u0103ruia pute\u021bi afla ce [&hellip;]","protected":false},"author":1,"featured_media":0,"parent":79,"menu_order":0,"comment_status":"closed","ping_status":"closed","template":"","meta":{"footnotes":""},"class_list":["post-111","page","type-page","status-publish","hentry"],"_links":{"self":[{"href":"https:\/\/iicbucarest.esteri.it\/ro\/wp-json\/wp\/v2\/pages\/111","targetHints":{"allow":["GET"]}}],"collection":[{"href":"https:\/\/iicbucarest.esteri.it\/ro\/wp-json\/wp\/v2\/pages"}],"about":[{"href":"https:\/\/iicbucarest.esteri.it\/ro\/wp-json\/wp\/v2\/types\/page"}],"author":[{"embeddable":true,"href":"https:\/\/iicbucarest.esteri.it\/ro\/wp-json\/wp\/v2\/users\/1"}],"replies":[{"embeddable":true,"href":"https:\/\/iicbucarest.esteri.it\/ro\/wp-json\/wp\/v2\/comments?post=111"}],"version-history":[{"count":0,"href":"https:\/\/iicbucarest.esteri.it\/ro\/wp-json\/wp\/v2\/pages\/111\/revisions"}],"up":[{"embeddable":true,"href":"https:\/\/iicbucarest.esteri.it\/ro\/wp-json\/wp\/v2\/pages\/79"}],"wp:attachment":[{"href":"https:\/\/iicbucarest.esteri.it\/ro\/wp-json\/wp\/v2\/media?parent=111"}],"curies":[{"name":"wp","href":"https:\/\/api.w.org\/{rel}","templated":true}]}}