{"id":453,"date":"2023-06-22T12:17:54","date_gmt":"2023-06-22T10:17:54","guid":{"rendered":"https:\/\/iicbucarest.esteri.it\/?page_id=453"},"modified":"2023-08-29T11:36:50","modified_gmt":"2023-08-29T09:36:50","slug":"offerte-e-borse","status":"publish","type":"page","link":"https:\/\/iicbucarest.esteri.it\/it\/lingua-e-cultura\/studiare-in-italia\/offerte-e-borse\/","title":{"rendered":"Offerte e borse"},"content":{"rendered":"<div class=\"x11i5rnm xat24cr x1mh8g0r x1vvkbs xtlvy1s x126k92a\">\n<div dir=\"auto\">\n<div class=\"x11i5rnm xat24cr x1mh8g0r x1vvkbs xtlvy1s x126k92a\">\n<div dir=\"auto\">\n<p style=\"text-align: justify;\"><strong>29.08.2023<\/strong><\/p>\n<p style=\"text-align: justify;\">L&#8217;<strong>Universit\u00e0 Telematica Internazionale Uninettuno<\/strong> offre corsi di laurea, master e progetti di ricerca europei erogati in italiano, inglese e arabo. Gli studenti provenienti dalla Romania possono usufruire di uno sconto del 25% sulla quota annuale grazie alla collaborazione tra gli Istituti Italiani di Cultura e l&#8217;Universit\u00e0 Telematica Internazionale Uninettuno. L&#8217;universit\u00e0 propone videolezioni non solo accademiche, ma svolte dalle personalit\u00e0 pi\u00f9 importanti del mondo della cultura: scrittori, attori, registi, pittori, musicisti contemporanei. La lista pu\u00f2 essere consultata <a href=\"https:\/\/iicbucarest.esteri.it\/wp-content\/uploads\/2023\/08\/lista-lezioni-dautore.pdf\">qui<\/a>.<\/p>\n<p style=\"text-align: justify;\"><a href=\"https:\/\/iicbucarest.esteri.it\/wp-content\/uploads\/2023\/08\/locandina-UNINETTUNO-2023.pdf\">Locandina Uninettuno 2023<\/a> \u00a0\u00a0 \u00a0 \u00a0\u00a0<a href=\"http:\/\/www.uninettunouniversity.net\/it\/default.aspx\">Sito ufficiale<\/a><\/p>\n<div dir=\"auto\" style=\"text-align: justify;\"><\/div>\n<div class=\"x11i5rnm xat24cr x1mh8g0r x1vvkbs xtlvy1s x126k92a\" style=\"text-align: justify;\">\n<div dir=\"auto\"><strong>\u00a0<\/strong><\/div>\n<\/div>\n<p style=\"text-align: justify;\"><strong>31.07.2023<\/strong><\/p>\n<\/div>\n<\/div>\n<div class=\"x11i5rnm xat24cr x1mh8g0r x1vvkbs xtlvy1s x126k92a\" style=\"text-align: justify;\">\n<div dir=\"auto\">Il Dipartimento di Architettura e Studi Urbani del Politecnico di Milano offre una borsa di studio <strong>M-US-T Master in Usi Temporanei<\/strong>, per studenti internazionali. Le iscrizioni sono aperte, la scadenza \u00e8 l&#8217;8 gennaio 2024.<\/div>\n<div dir=\"auto\">\n<p>Maggiori dettagli <a href=\"https:\/\/www.poliedra.polimi.it\/master_usi_temporanei\/\">qui<\/a>.<\/p>\n<div dir=\"auto\" style=\"text-align: justify;\"><\/div>\n<div class=\"x11i5rnm xat24cr x1mh8g0r x1vvkbs xtlvy1s x126k92a\" style=\"text-align: justify;\">\n<div dir=\"auto\"><strong>\u00a0<\/strong><\/div>\n<\/div>\n<p><strong>21.07.2023<\/strong><\/p>\n<\/div>\n<\/div>\n<\/div>\n<\/div>\n<div dir=\"auto\" style=\"text-align: justify;\"><strong>Milano Fashion Institute<\/strong> offre due borse di studio del valore di 8.400 \u20ac per studenti di nazionalit\u00e0 romena, che vogliono iscriversi al Master.<\/div>\n<div dir=\"auto\" style=\"text-align: justify;\">\n<div dir=\"auto\">Termini, bando e informazioni sono disponibili <a href=\"https:\/\/www.milanofashioninstitute.com\/it\/scholarships\/\">qui<\/a> .<\/div>\n<\/div>\n<div dir=\"auto\" style=\"text-align: justify;\"><\/div>\n<div class=\"x11i5rnm xat24cr x1mh8g0r x1vvkbs xtlvy1s x126k92a\" style=\"text-align: justify;\">\n<div dir=\"auto\"><strong>\u00a0<\/strong><\/div>\n<div dir=\"auto\"><strong>12.07.2023<\/strong><\/div>\n<div dir=\"auto\">L&#8217;<strong>Accademia di Alta Formazione di Moda e Design MakeCampus<\/strong>, con la sede a Cetona (Siena), offre 14 borse di studio per la frequenza di un corso di alta formazione professionale nell&#8217;ambito della moda e del design. Il corso in questione, rivolto a studenti italiani e stranieri tra i 18 e i 25 anni, prevede 9 mesi di formazione e ulteriori 6 mesi di esperienza lavorativa in aziende del settore. La frequenza del corso non comporta il rilascio di un titolo di studio con valore legale in Italia, in quanto l&#8217;istituzione offerente non \u00e8 riconosciuta dal MUR. Le borse offerte coprono i costi di frequenza del corso e di alloggio.<\/div>\n<\/div>\n<div class=\"x11i5rnm xat24cr x1mh8g0r x1vvkbs xtlvy1s x126k92a\" style=\"text-align: justify;\">\n<div dir=\"auto\"><a href=\"https:\/\/makecampus.it\/wp-content\/uploads\/2023\/03\/BANDO-DI-SELEZIONE-MC-2023.pdf\">Bando<\/a>\u00a0\u00a0\u00a0\u00a0 <a href=\"https:\/\/makecampus.it\/wp-content\/uploads\/2023\/03\/makecampus-brochure-2023.pdf\">Brochure MakeCampus<\/a> \u00a0\u00a0\u00a0 <a href=\"https:\/\/makecampus.it\/\">Sito ufficiale<\/a><\/p>\n<div dir=\"auto\" style=\"text-align: justify;\"><\/div>\n<div class=\"x11i5rnm xat24cr x1mh8g0r x1vvkbs xtlvy1s x126k92a\" style=\"text-align: justify;\">\n<div dir=\"auto\"><strong>\u00a0<\/strong><\/div>\n<\/div>\n<p><strong>09.06.2023<\/strong><\/div>\n<\/div>\n<p style=\"text-align: justify;\">La <strong>Scuola Superiore Isufi<\/strong> (Istituto Superiore Universitario di Formazione Interdisciplinare) dell\u2019Universit\u00e0 del Salento (Lecce, Italia) seleziona giovani talenti, esclusivamente sulla base del merito, ed offre loro una didattica interdisciplinare ed internazionale che va ad affiancarsi ai normali corsi di studio dell\u2019Universit\u00e0 del Salento. Gli allievi vengono selezionati mediante un concorso, che quest\u2019anno si svolge tramite un colloquio a distanza in lingua italiana su temi di attualit\u00e0 attinenti alle aree di studio prescelte dai candidati.<br \/>\n<a href=\"https:\/\/iicbucarest.esteri.it\/wp-content\/uploads\/2023\/06\/Bando-ISUFI-2023_2024PUBBLICATO.pdf\">Bando ISUFI 2023_2024<\/a> \u00a0\u00a0 \u00a0<a href=\"https:\/\/iicbucarest.esteri.it\/wp-content\/uploads\/2023\/06\/Notice-Isufi-2023-24-final.pdf\">Notice of Competition Isufi 2023-24<\/a> \u00a0 \u00a0 \u00a0 <a href=\"https:\/\/iicbucarest.esteri.it\/wp-content\/uploads\/2023\/06\/brochure_isufi.pdf\">Brochure_Isufi<\/a><\/p>\n","protected":false},"excerpt":{"rendered":"29.08.2023 L&#8217;Universit\u00e0 Telematica Internazionale Uninettuno offre corsi di laurea, master e progetti di ricerca europei erogati in italiano, inglese e arabo. Gli studenti provenienti dalla Romania possono usufruire di uno sconto del 25% sulla quota annuale grazie alla collaborazione tra gli Istituti Italiani di Cultura e l&#8217;Universit\u00e0 Telematica Internazionale Uninettuno. L&#8217;universit\u00e0 propone videolezioni non solo [&hellip;]","protected":false},"author":4,"featured_media":0,"parent":45,"menu_order":1,"comment_status":"closed","ping_status":"closed","template":"","meta":{"footnotes":""},"class_list":["post-453","page","type-page","status-publish","hentry"],"_links":{"self":[{"href":"https:\/\/iicbucarest.esteri.it\/it\/wp-json\/wp\/v2\/pages\/453","targetHints":{"allow":["GET"]}}],"collection":[{"href":"https:\/\/iicbucarest.esteri.it\/it\/wp-json\/wp\/v2\/pages"}],"about":[{"href":"https:\/\/iicbucarest.esteri.it\/it\/wp-json\/wp\/v2\/types\/page"}],"author":[{"embeddable":true,"href":"https:\/\/iicbucarest.esteri.it\/it\/wp-json\/wp\/v2\/users\/4"}],"replies":[{"embeddable":true,"href":"https:\/\/iicbucarest.esteri.it\/it\/wp-json\/wp\/v2\/comments?post=453"}],"version-history":[{"count":7,"href":"https:\/\/iicbucarest.esteri.it\/it\/wp-json\/wp\/v2\/pages\/453\/revisions"}],"predecessor-version":[{"id":1675,"href":"https:\/\/iicbucarest.esteri.it\/it\/wp-json\/wp\/v2\/pages\/453\/revisions\/1675"}],"up":[{"embeddable":true,"href":"https:\/\/iicbucarest.esteri.it\/it\/wp-json\/wp\/v2\/pages\/45"}],"wp:attachment":[{"href":"https:\/\/iicbucarest.esteri.it\/it\/wp-json\/wp\/v2\/media?parent=453"}],"curies":[{"name":"wp","href":"https:\/\/api.w.org\/{rel}","templated":true}]}}