{"id":41,"date":"2023-04-03T20:55:21","date_gmt":"2023-04-03T18:55:21","guid":{"rendered":"https:\/\/istitutobuenosaires.esteri.it\/?page_id=41"},"modified":"2026-01-09T12:33:38","modified_gmt":"2026-01-09T11:33:38","slug":"contatti","status":"publish","type":"page","link":"https:\/\/iicbucarest.esteri.it\/it\/chi-siamo\/contatti\/","title":{"rendered":"Contatti"},"content":{"rendered":"<p><strong>Indirizzo<\/strong>: Aleea Alexandru 41, 011822, Bucarest, Romania<br \/>\n<strong>Tel.<\/strong>: 0040.21.231.08.85<br \/>\n<strong>E-mail<\/strong>:\u00a0<a href=\"mailto:%20iicbucarest@esteri.it\">iicbucarest@esteri.it<br \/>\n<\/a><strong>PEC (posta certificata)<\/strong>:\u00a0<a href=\"mailto:iic.bucarest@cert.esteri.it\">iic.bucarest@cert.esteri.it<\/a><\/p>\n<p><strong>Orario<\/strong>:<br \/>\nLuned\u00ec &#8211; Venerd\u00ec:<br \/>\n09.00 &#8211; 13.00<br \/>\n14.00 &#8211; 17.00<\/p>\n<p><strong>L&#8217;Istituto \u00e8 chiuso sabato e domenica e, nel 2026, anche nei seguenti giorni:<\/strong><\/p>\n<p>1 gennaio &#8211; Capodanno<br \/>\n6 gennaio &#8211; Epifania<br \/>\n6 aprile &#8211; Luned\u00ec dell&#8217;Angelo Cattolico<br \/>\n13 aprile &#8211; Luned\u00ec dell&#8217;Angelo Ortodosso<br \/>\n25 aprile &#8211; Festa della Liberazione<br \/>\n1 maggio &#8211; Festa dei Lavoratori<br \/>\n2 giugno &#8211; Festa della Repubblica Italiana<br \/>\n15 agosto &#8211; Ferragosto<br \/>\n1 dicembre &#8211; Festa Nazionale Romena<br \/>\n25 dicembre &#8211; Natale<br \/>\n26 dicembre &#8211; Santo Stefano<\/p>\n","protected":false},"excerpt":{"rendered":"Indirizzo: Aleea Alexandru 41, 011822, Bucarest, Romania Tel.: 0040.21.231.08.85 E-mail:\u00a0iicbucarest@esteri.it PEC (posta certificata):\u00a0iic.bucarest@cert.esteri.it Orario: Luned\u00ec &#8211; Venerd\u00ec: 09.00 &#8211; 13.00 14.00 &#8211; 17.00 L&#8217;Istituto \u00e8 chiuso sabato e domenica e, nel 2026, anche nei seguenti giorni: 1 gennaio &#8211; Capodanno 6 gennaio &#8211; Epifania 6 aprile &#8211; Luned\u00ec dell&#8217;Angelo Cattolico 13 aprile &#8211; Luned\u00ec dell&#8217;Angelo [&hellip;]","protected":false},"author":1,"featured_media":0,"parent":15,"menu_order":4,"comment_status":"closed","ping_status":"closed","template":"","meta":{"footnotes":""},"class_list":["post-41","page","type-page","status-publish","hentry"],"_links":{"self":[{"href":"https:\/\/iicbucarest.esteri.it\/it\/wp-json\/wp\/v2\/pages\/41","targetHints":{"allow":["GET"]}}],"collection":[{"href":"https:\/\/iicbucarest.esteri.it\/it\/wp-json\/wp\/v2\/pages"}],"about":[{"href":"https:\/\/iicbucarest.esteri.it\/it\/wp-json\/wp\/v2\/types\/page"}],"author":[{"embeddable":true,"href":"https:\/\/iicbucarest.esteri.it\/it\/wp-json\/wp\/v2\/users\/1"}],"replies":[{"embeddable":true,"href":"https:\/\/iicbucarest.esteri.it\/it\/wp-json\/wp\/v2\/comments?post=41"}],"version-history":[{"count":6,"href":"https:\/\/iicbucarest.esteri.it\/it\/wp-json\/wp\/v2\/pages\/41\/revisions"}],"predecessor-version":[{"id":10993,"href":"https:\/\/iicbucarest.esteri.it\/it\/wp-json\/wp\/v2\/pages\/41\/revisions\/10993"}],"up":[{"embeddable":true,"href":"https:\/\/iicbucarest.esteri.it\/it\/wp-json\/wp\/v2\/pages\/15"}],"wp:attachment":[{"href":"https:\/\/iicbucarest.esteri.it\/it\/wp-json\/wp\/v2\/media?parent=41"}],"curies":[{"name":"wp","href":"https:\/\/api.w.org\/{rel}","templated":true}]}}